{"id":2,"date":"2018-04-25T17:31:01","date_gmt":"2018-04-25T17:31:01","guid":{"rendered":"http:\/\/wiso.foxthemes.me\/?page_id=2"},"modified":"2025-05-20T10:04:46","modified_gmt":"2025-05-20T08:04:46","slug":"par-mani","status":"publish","type":"page","link":"https:\/\/luar.lv\/en\/par-mani\/","title":{"rendered":"About me"},"content":{"rendered":"<div class=\"wpb-content-wrapper\"><div data-vc-full-width=\"true\" data-vc-full-width-init=\"false\" data-vc-stretch-content=\"true\" class=\"vc_row wpb_row vc_row-fluid vc_row-no-padding  margin-lg-120b margin-md-90b margin-sm-40b margin-xs-20b\"><div class=\"wpb_column vc_column_container vc_col-sm-12\"><div class=\"vc_column-inner\"><div class=\"wpb_wrapper\">[wiso_banner style_banner=&#8221;simple&#8221; style=&#8221;center_content&#8221; overlay=&#8221;yes&#8221; title=&#8221;PAR MANI&#8221; image=&#8221;1629&#8243;]<\/div><\/div><\/div><\/div><div class=\"vc_row-full-width vc_clearfix\"><\/div><div class=\"vc_row wpb_row vc_row-fluid  margin-lg-75b margin-md-55b margin-sm-35b margin-xs-5b\"><div class=\"wpb_column vc_column_container vc_col-sm-12\"><div class=\"vc_column-inner\"><div class=\"wpb_wrapper\">[wiso_headings style=&#8221;text_link&#8221; subtitle=&#8221;Fotogr\u0101fija ir mana aizrau\u0161an\u0101s jau asto\u0146us gadus. Man ir svar\u012bgi iem\u016b\u017ein\u0101t patiesas emocijas un skaist\u0101kos dz\u012bves mirk\u013cus, lai J\u016bs tos var\u0113tu izdz\u012bvot no jauna v\u0113l un v\u0113l. Katras k\u0101zas ir unik\u0101ls st\u0101sts, un mans m\u0113r\u0137is ir to iem\u016b\u017ein\u0101t t\u0101, lai atmi\u0146as par \u0161o dienu paliktu dz\u012bvas uz m\u016b\u017eu.&#8221; image=&#8221;7051&#8243;]<\/div><\/div><\/div><\/div><div class=\"vc_row wpb_row vc_row-fluid  margin-lg-120b margin-md-90b margin-sm-20b\"><div class=\"wpb_column vc_column_container vc_col-sm-4  margin-sm-30b\"><div class=\"vc_column-inner\"><div class=\"wpb_wrapper\">[wiso_services style=&#8221;classic&#8221; title=&#8221;V\u012bzija&#8221; image=&#8221;1072&#8243; text=&#8221;Es ne tikai fotograf\u0113ju k\u0101zas \u2013 es radu laika m\u0101kslu, iem\u016b\u017einu m\u012blest\u012bbas elpu, emocijas, kuras nevar nosp\u0113l\u0113t, un mirk\u013cus, kurus nevar atk\u0101rtot. Es redzu skaistumu viss\u012bk\u0101kaj\u0101s deta\u013c\u0101s: tr\u012bco\u0161os pirkstos, kas sl\u012bd p\u0101r balt\u0101s kleitas audumu, m\u012b\u013coto acu dzirkst\u012bs, asar\u0101, kas l\u0113ni norit p\u0101r vec\u0101ku vaigu. Mans m\u0113r\u0137is ir, lai katra fotogr\u0101fija neb\u016btu tikai att\u0113ls, bet gan dz\u012bva atmi\u0146a, kas aizkustin\u0101s sirdis ar\u012b p\u0113c 10, 20, 50 gadiem.&#8221;]<\/div><\/div><\/div><div class=\"wpb_column vc_column_container vc_col-sm-4  margin-sm-30b\"><div class=\"vc_column-inner\"><div class=\"wpb_wrapper\">[wiso_services style=&#8221;classic&#8221; title=&#8221;Misija&#8221; image=&#8221;1071&#8243; text=&#8221;Es ne\u0137eru mirk\u013cus \u2013 es \u0137eru j\u016btas. Mana misija ir pan\u0101kt, lai katra fotogr\u0101fija b\u016btu piepild\u012bta ar \u0161\u012bs dienas elpu, lai m\u012blnieki, skatoties uz to, atkal sajustu to, ko juta toreiz: roku siltumu, dejas vieglumu, satraukumu kr\u016bt\u012bs. Es v\u0113los, lai manas fotogr\u0101fijas ne tikai izst\u0101st\u012btu st\u0101stu, bet ar\u012b aizvestu j\u016bs atpaka\u013c laik\u0101, \u013caujot v\u0113lreiz dzird\u0113t smieklus, sajust sirds pukstus un v\u0113lreiz izdz\u012bvot \u0161o dienu.&#8221;]<\/div><\/div><\/div><div class=\"wpb_column vc_column_container vc_col-sm-4  margin-sm-30b\"><div class=\"vc_column-inner\"><div class=\"wpb_wrapper\">[wiso_services style=&#8221;classic&#8221; title=&#8221;V\u0113sture&#8221; image=&#8221;1074&#8243; text=&#8221;Es atceros to dienu, kad uz\u0146\u0113mu savu pirmo k\u0101zu fotogr\u0101fiju, un mana sirds uz mirkli apst\u0101j\u0101s. \u0160aj\u0101 kadr\u0101 bija viss: m\u012blest\u012bba, maigums, gaidas, mirk\u013ca burv\u012bba, kas nekad neatk\u0101rtosies. Taj\u0101 br\u012bd\u012b es sapratu \u2013 t\u0101 nav tikai profesija. T\u0101 ir d\u0101vana: redz\u0113t to, ko citi nepamana, sajust mirkli, pirms tas paz\u016bd, un iem\u016b\u017ein\u0101t to t\u0101, lai laiks nesp\u0113tu izdz\u0113st nevienu emociju. Kop\u0161 t\u0101 br\u012b\u017ea es velt\u012bju savu dz\u012bvi tam, lai p\u0101rv\u0113rstu k\u0101zas m\u0101ksl\u0101, lai katrs st\u0101sts, ko izst\u0101stu caur savu objekt\u012bvu, k\u013c\u016btu m\u016b\u017e\u012bgs.&#8221;]<\/div><\/div><\/div><\/div><div data-vc-full-width=\"true\" data-vc-full-width-init=\"false\" class=\"vc_row wpb_row vc_row-fluid vc_custom_1746179083181 vc_row-has-fill  padding-lg-120t padding-lg-120b padding-md-100t padding-md-100b padding-sm-70t padding-sm-70b padding-xs-40t padding-xs-50b\"><div class=\"wpb_column vc_column_container vc_col-sm-12\"><div class=\"vc_column-inner vc_custom_1525879022987\"><div class=\"wpb_wrapper\">[wiso_skills linear_skills=&#8221;%5B%7B%22title%22%3A%22K%C4%81zu%20fotog%C4%81f%C4%93%C5%A1ana%22%2C%22number%22%3A%2297%22%2C%22line_color%22%3A%22%23222222%22%7D%2C%7B%22title%22%3A%22Fotogr%C4%81fiju%20apstr%C4%81de%22%2C%22number%22%3A%2295%22%2C%22line_color%22%3A%22%23222222%22%7D%2C%7B%22title%22%3A%22fotogr%C4%81fiju%20retu%C5%A1%C4%93%C5%A1ana%22%2C%22number%22%3A%2289%22%2C%22line_color%22%3A%22%23222222%22%7D%2C%7B%22title%22%3A%22Citas%20iema%C5%86as%22%2C%22number%22%3A%2289%22%2C%22line_color%22%3A%22%23222222%22%7D%5D&#8221; title=&#8221;Pieredze&#8221; text=&#8221;Manas fotosesijas norit br\u012bv\u0101 un nepiespiest\u0101 gaisotn\u0113 \u2013 bez steigas, ar sarun\u0101m, smiekliem un mirk\u013ciem, kas dabiski p\u0101rtop skaist\u0101s fotogr\u0101fij\u0101s.&#8221;]<\/div><\/div><\/div><\/div><div class=\"vc_row-full-width vc_clearfix\"><\/div><div data-vc-full-width=\"true\" data-vc-full-width-init=\"false\" data-vc-stretch-content=\"true\" class=\"vc_row wpb_row vc_row-fluid vc_custom_1741767466528 vc_row-has-fill vc_row-no-padding  margin-lg-120t margin-md-100t margin-sm-80t margin-xs-50t\"><div class=\"wpb_column vc_column_container vc_col-sm-12\"><div class=\"vc_column-inner vc_custom_1740147947218\"><div class=\"wpb_wrapper\">[wiso_testimonial autoplay=&#8221;5&#8243; loop=&#8221;true&#8221; color=&#8221;#ffffff&#8221;][wiso_testimonial_items author=&#8221;H. D\u017eeksons Brauns, jaun.&#8221; logo_image=&#8221;3356&#8243;]&#8221;M\u012blest\u012bba ir tad, kad k\u0101da cita laime ir svar\u012bg\u0101ka par tav\u0113jo.&#8221;[\/wiso_testimonial_items][wiso_testimonial_items author=&#8221;Audrey Hepburn&#8221; logo_image=&#8221;3356&#8243;]&#8221;Lab\u0101kais, ko tu vari tur\u0113t rok\u0101s, ir otra cilv\u0113ka roka.&#8221;[\/wiso_testimonial_items][wiso_testimonial_items author=&#8221;Gabriel Garcia Marquez&#8221; logo_image=&#8221;3356&#8243;]&#8221;Es tevi m\u012blu ne par to, kas tu esi, bet par to, kas es esmu, kad esmu ar tevi.&#8221;[\/wiso_testimonial_items][\/wiso_testimonial]<\/div><\/div><\/div><\/div><div class=\"vc_row-full-width vc_clearfix\"><\/div>\n<\/div>","protected":false},"excerpt":{"rendered":"[wiso_banner style_banner=\"simple\" style=\"center_content\" overlay=\"yes\" title=\"PAR MANI\" image=\"1629\"][wiso_headings style=\"text_link\" subtitle=\"Fotogr\u0101fija ir mana aizrau\u0161an\u0101s jau asto\u0146us gadus. Man ir svar\u012bgi iem\u016b\u017ein\u0101t patiesas emocijas un skaist\u0101kos dz\u012bves mirk\u013cus, lai J\u016bs tos var\u0113tu izdz\u012bvot no jauna v\u0113l un v\u0113l. Katras k\u0101zas ir unik\u0101ls st\u0101sts, un mans m\u0113r\u0137is ir to iem\u016b\u017ein\u0101t t\u0101, lai atmi\u0146as par \u0161o dienu paliktu dz\u012bvas uz ...","protected":false},"author":1,"featured_media":8165,"parent":0,"menu_order":0,"comment_status":"open","ping_status":"open","template":"","meta":{"footnotes":""},"class_list":["post-2","page","type-page","status-publish","has-post-thumbnail","hentry"],"yoast_head":"<!-- This site is optimized with the Yoast SEO plugin v27.5 - https:\/\/yoast.com\/product\/yoast-seo-wordpress\/ -->\n<title>LUAR - Par mani<\/title>\n<meta name=\"description\" content=\"Iepaz\u012bsties ar Luar \u2013 fotogr\u0101fu, kas ar pieredzi un aizraut\u012bbu iem\u016b\u017eina emocijas un neaizmirstamus mirk\u013cus.\" \/>\n<meta name=\"robots\" content=\"index, follow, max-snippet:-1, max-image-preview:large, max-video-preview:-1\" \/>\n<link rel=\"canonical\" href=\"https:\/\/luar.lv\/en\/par-mani\/\" \/>\n<meta property=\"og:locale\" content=\"en_GB\" \/>\n<meta property=\"og:type\" content=\"article\" \/>\n<meta property=\"og:title\" content=\"LUAR - Par mani\" \/>\n<meta property=\"og:description\" content=\"Iepaz\u012bsties ar Luar \u2013 fotogr\u0101fu, kas ar pieredzi un aizraut\u012bbu iem\u016b\u017eina emocijas un neaizmirstamus mirk\u013cus.\" \/>\n<meta property=\"og:url\" content=\"https:\/\/luar.lv\/en\/par-mani\/\" \/>\n<meta property=\"og:site_name\" content=\"LUAR\" \/>\n<meta property=\"article:publisher\" content=\"https:\/\/www.facebook.com\/luarlv\/\" \/>\n<meta property=\"article:modified_time\" content=\"2025-05-20T08:04:46+00:00\" \/>\n<meta property=\"og:image\" content=\"https:\/\/luar.lv\/wp-content\/uploads\/2025\/05\/luar-seo.jpg\" \/>\n\t<meta property=\"og:image:width\" content=\"1600\" \/>\n\t<meta property=\"og:image:height\" content=\"1067\" \/>\n\t<meta property=\"og:image:type\" content=\"image\/jpeg\" \/>\n<meta name=\"twitter:card\" content=\"summary_large_image\" \/>\n<meta name=\"twitter:label1\" content=\"Estimated reading time\" \/>\n\t<meta name=\"twitter:data1\" content=\"4 minutes\" \/>\n<script type=\"application\/ld+json\" class=\"yoast-schema-graph\">{\"@context\":\"https:\\\/\\\/schema.org\",\"@graph\":[{\"@type\":\"WebPage\",\"@id\":\"https:\\\/\\\/luar.lv\\\/par-mani\\\/\",\"url\":\"https:\\\/\\\/luar.lv\\\/par-mani\\\/\",\"name\":\"LUAR - Par mani\",\"isPartOf\":{\"@id\":\"https:\\\/\\\/luar.lv\\\/#website\"},\"primaryImageOfPage\":{\"@id\":\"https:\\\/\\\/luar.lv\\\/par-mani\\\/#primaryimage\"},\"image\":{\"@id\":\"https:\\\/\\\/luar.lv\\\/par-mani\\\/#primaryimage\"},\"thumbnailUrl\":\"https:\\\/\\\/luar.lv\\\/wp-content\\\/uploads\\\/2025\\\/05\\\/luar-seo.jpg\",\"datePublished\":\"2018-04-25T17:31:01+00:00\",\"dateModified\":\"2025-05-20T08:04:46+00:00\",\"description\":\"Iepaz\u012bsties ar Luar \u2013 fotogr\u0101fu, kas ar pieredzi un aizraut\u012bbu iem\u016b\u017eina emocijas un neaizmirstamus mirk\u013cus.\",\"breadcrumb\":{\"@id\":\"https:\\\/\\\/luar.lv\\\/par-mani\\\/#breadcrumb\"},\"inLanguage\":\"en-GB\",\"potentialAction\":[{\"@type\":\"ReadAction\",\"target\":[\"https:\\\/\\\/luar.lv\\\/par-mani\\\/\"]}]},{\"@type\":\"ImageObject\",\"inLanguage\":\"en-GB\",\"@id\":\"https:\\\/\\\/luar.lv\\\/par-mani\\\/#primaryimage\",\"url\":\"https:\\\/\\\/luar.lv\\\/wp-content\\\/uploads\\\/2025\\\/05\\\/luar-seo.jpg\",\"contentUrl\":\"https:\\\/\\\/luar.lv\\\/wp-content\\\/uploads\\\/2025\\\/05\\\/luar-seo.jpg\",\"width\":1600,\"height\":1067,\"caption\":\"luar-seo\"},{\"@type\":\"BreadcrumbList\",\"@id\":\"https:\\\/\\\/luar.lv\\\/par-mani\\\/#breadcrumb\",\"itemListElement\":[{\"@type\":\"ListItem\",\"position\":1,\"name\":\"\u0413\u043b\u0430\u0432\u043d\u0430\u044f \u0441\u0442\u0440\u0430\u043d\u0438\u0446\u0430\",\"item\":\"https:\\\/\\\/luar.lv\\\/\"},{\"@type\":\"ListItem\",\"position\":2,\"name\":\"Par mani\"}]},{\"@type\":\"WebSite\",\"@id\":\"https:\\\/\\\/luar.lv\\\/#website\",\"url\":\"https:\\\/\\\/luar.lv\\\/\",\"name\":\"Luar.lv\",\"description\":\"K\u0101zu fotogr\u0101fs\",\"publisher\":{\"@id\":\"https:\\\/\\\/luar.lv\\\/#\\\/schema\\\/person\\\/85d2ced4326f871f6b1df253196131c0\"},\"potentialAction\":[{\"@type\":\"SearchAction\",\"target\":{\"@type\":\"EntryPoint\",\"urlTemplate\":\"https:\\\/\\\/luar.lv\\\/?s={search_term_string}\"},\"query-input\":{\"@type\":\"PropertyValueSpecification\",\"valueRequired\":true,\"valueName\":\"search_term_string\"}}],\"inLanguage\":\"en-GB\"},{\"@type\":[\"Person\",\"Organization\"],\"@id\":\"https:\\\/\\\/luar.lv\\\/#\\\/schema\\\/person\\\/85d2ced4326f871f6b1df253196131c0\",\"name\":\"luar\",\"image\":{\"@type\":\"ImageObject\",\"inLanguage\":\"en-GB\",\"@id\":\"https:\\\/\\\/luar.lv\\\/wp-content\\\/uploads\\\/2025\\\/02\\\/luar-logo-ws.png\",\"url\":\"https:\\\/\\\/luar.lv\\\/wp-content\\\/uploads\\\/2025\\\/02\\\/luar-logo-ws.png\",\"contentUrl\":\"https:\\\/\\\/luar.lv\\\/wp-content\\\/uploads\\\/2025\\\/02\\\/luar-logo-ws.png\",\"width\":1428,\"height\":926,\"caption\":\"luar\"},\"logo\":{\"@id\":\"https:\\\/\\\/luar.lv\\\/wp-content\\\/uploads\\\/2025\\\/02\\\/luar-logo-ws.png\"},\"sameAs\":[\"http:\\\/\\\/luar.lv\",\"https:\\\/\\\/www.facebook.com\\\/luarlv\\\/\",\"https:\\\/\\\/www.instagram.com\\\/luarlv\\\/\"]}]}<\/script>\n<!-- \/ Yoast SEO plugin. -->","yoast_head_json":{"title":"LUAR - Par mani","description":"Iepaz\u012bsties ar Luar \u2013 fotogr\u0101fu, kas ar pieredzi un aizraut\u012bbu iem\u016b\u017eina emocijas un neaizmirstamus mirk\u013cus.","robots":{"index":"index","follow":"follow","max-snippet":"max-snippet:-1","max-image-preview":"max-image-preview:large","max-video-preview":"max-video-preview:-1"},"canonical":"https:\/\/luar.lv\/en\/par-mani\/","og_locale":"en_GB","og_type":"article","og_title":"LUAR - Par mani","og_description":"Iepaz\u012bsties ar Luar \u2013 fotogr\u0101fu, kas ar pieredzi un aizraut\u012bbu iem\u016b\u017eina emocijas un neaizmirstamus mirk\u013cus.","og_url":"https:\/\/luar.lv\/en\/par-mani\/","og_site_name":"LUAR","article_publisher":"https:\/\/www.facebook.com\/luarlv\/","article_modified_time":"2025-05-20T08:04:46+00:00","og_image":[{"width":1600,"height":1067,"url":"https:\/\/luar.lv\/wp-content\/uploads\/2025\/05\/luar-seo.jpg","type":"image\/jpeg"}],"twitter_card":"summary_large_image","twitter_misc":{"Estimated reading time":"4 minutes"},"schema":{"@context":"https:\/\/schema.org","@graph":[{"@type":"WebPage","@id":"https:\/\/luar.lv\/par-mani\/","url":"https:\/\/luar.lv\/par-mani\/","name":"LUAR - Par mani","isPartOf":{"@id":"https:\/\/luar.lv\/#website"},"primaryImageOfPage":{"@id":"https:\/\/luar.lv\/par-mani\/#primaryimage"},"image":{"@id":"https:\/\/luar.lv\/par-mani\/#primaryimage"},"thumbnailUrl":"https:\/\/luar.lv\/wp-content\/uploads\/2025\/05\/luar-seo.jpg","datePublished":"2018-04-25T17:31:01+00:00","dateModified":"2025-05-20T08:04:46+00:00","description":"Iepaz\u012bsties ar Luar \u2013 fotogr\u0101fu, kas ar pieredzi un aizraut\u012bbu iem\u016b\u017eina emocijas un neaizmirstamus mirk\u013cus.","breadcrumb":{"@id":"https:\/\/luar.lv\/par-mani\/#breadcrumb"},"inLanguage":"en-GB","potentialAction":[{"@type":"ReadAction","target":["https:\/\/luar.lv\/par-mani\/"]}]},{"@type":"ImageObject","inLanguage":"en-GB","@id":"https:\/\/luar.lv\/par-mani\/#primaryimage","url":"https:\/\/luar.lv\/wp-content\/uploads\/2025\/05\/luar-seo.jpg","contentUrl":"https:\/\/luar.lv\/wp-content\/uploads\/2025\/05\/luar-seo.jpg","width":1600,"height":1067,"caption":"luar-seo"},{"@type":"BreadcrumbList","@id":"https:\/\/luar.lv\/par-mani\/#breadcrumb","itemListElement":[{"@type":"ListItem","position":1,"name":"\u0413\u043b\u0430\u0432\u043d\u0430\u044f \u0441\u0442\u0440\u0430\u043d\u0438\u0446\u0430","item":"https:\/\/luar.lv\/"},{"@type":"ListItem","position":2,"name":"Par mani"}]},{"@type":"WebSite","@id":"https:\/\/luar.lv\/#website","url":"https:\/\/luar.lv\/","name":"Luar.lv","description":"K\u0101zu fotogr\u0101fs","publisher":{"@id":"https:\/\/luar.lv\/#\/schema\/person\/85d2ced4326f871f6b1df253196131c0"},"potentialAction":[{"@type":"SearchAction","target":{"@type":"EntryPoint","urlTemplate":"https:\/\/luar.lv\/?s={search_term_string}"},"query-input":{"@type":"PropertyValueSpecification","valueRequired":true,"valueName":"search_term_string"}}],"inLanguage":"en-GB"},{"@type":["Person","Organization"],"@id":"https:\/\/luar.lv\/#\/schema\/person\/85d2ced4326f871f6b1df253196131c0","name":"luar","image":{"@type":"ImageObject","inLanguage":"en-GB","@id":"https:\/\/luar.lv\/wp-content\/uploads\/2025\/02\/luar-logo-ws.png","url":"https:\/\/luar.lv\/wp-content\/uploads\/2025\/02\/luar-logo-ws.png","contentUrl":"https:\/\/luar.lv\/wp-content\/uploads\/2025\/02\/luar-logo-ws.png","width":1428,"height":926,"caption":"luar"},"logo":{"@id":"https:\/\/luar.lv\/wp-content\/uploads\/2025\/02\/luar-logo-ws.png"},"sameAs":["http:\/\/luar.lv","https:\/\/www.facebook.com\/luarlv\/","https:\/\/www.instagram.com\/luarlv\/"]}]}},"featured_image_src":"https:\/\/luar.lv\/wp-content\/uploads\/2025\/05\/luar-seo-600x400.jpg","featured_image_src_square":"https:\/\/luar.lv\/wp-content\/uploads\/2025\/05\/luar-seo-600x600.jpg","_links":{"self":[{"href":"https:\/\/luar.lv\/en\/wp-json\/wp\/v2\/pages\/2","targetHints":{"allow":["GET"]}}],"collection":[{"href":"https:\/\/luar.lv\/en\/wp-json\/wp\/v2\/pages"}],"about":[{"href":"https:\/\/luar.lv\/en\/wp-json\/wp\/v2\/types\/page"}],"author":[{"embeddable":true,"href":"https:\/\/luar.lv\/en\/wp-json\/wp\/v2\/users\/1"}],"replies":[{"embeddable":true,"href":"https:\/\/luar.lv\/en\/wp-json\/wp\/v2\/comments?post=2"}],"version-history":[{"count":12,"href":"https:\/\/luar.lv\/en\/wp-json\/wp\/v2\/pages\/2\/revisions"}],"predecessor-version":[{"id":8147,"href":"https:\/\/luar.lv\/en\/wp-json\/wp\/v2\/pages\/2\/revisions\/8147"}],"wp:featuredmedia":[{"embeddable":true,"href":"https:\/\/luar.lv\/en\/wp-json\/wp\/v2\/media\/8165"}],"wp:attachment":[{"href":"https:\/\/luar.lv\/en\/wp-json\/wp\/v2\/media?parent=2"}],"curies":[{"name":"wp","href":"https:\/\/api.w.org\/{rel}","templated":true}]}}