{"id":3933,"date":"2018-05-16T08:25:03","date_gmt":"2018-05-16T08:25:03","guid":{"rendered":"http:\/\/wiso.foxthemes.me\/?page_id=3933"},"modified":"2025-05-20T10:00:01","modified_gmt":"2025-05-20T08:00:01","slug":"pasakumi","status":"publish","type":"page","link":"https:\/\/luar.lv\/en\/pasakumi\/","title":{"rendered":"Events"},"content":{"rendered":"<div class=\"wpb-content-wrapper\"><div data-vc-full-width=\"true\" data-vc-full-width-init=\"false\" data-vc-stretch-content=\"true\" class=\"vc_row wpb_row vc_row-fluid vc_row-no-padding  margin-lg-60b margin-xs-15b\"><div class=\"wpb_column vc_column_container vc_col-sm-12\"><div class=\"vc_column-inner vc_custom_1740339575832\"><div class=\"wpb_wrapper\">[wiso_banner style_banner=&#8221;simple&#8221; style=&#8221;center_content&#8221; title=&#8221;PAS\u0100KUMI&#8221; image=&#8221;1629&#8243;]<\/div><\/div><\/div><\/div><div class=\"vc_row-full-width vc_clearfix\"><\/div><div class=\"vc_row wpb_row vc_row-fluid\"><div class=\"wpb_column vc_column_container vc_col-sm-12\"><div class=\"vc_column-inner\"><div class=\"wpb_wrapper\">[wiso_events_list]<\/div><\/div><\/div><\/div>\n<\/div>","protected":false},"excerpt":{"rendered":"[wiso_banner style_banner=\"simple\" style=\"center_content\" title=\"PAS\u0100KUMI\" image=\"1629\"][wiso_events_list]","protected":false},"author":1,"featured_media":8165,"parent":0,"menu_order":0,"comment_status":"closed","ping_status":"closed","template":"","meta":{"footnotes":""},"class_list":["post-3933","page","type-page","status-publish","has-post-thumbnail","hentry"],"yoast_head":"<!-- This site is optimized with the Yoast SEO plugin v27.5 - https:\/\/yoast.com\/product\/yoast-seo-wordpress\/ -->\n<title>LUAR - Pas\u0101kumi<\/title>\n<meta name=\"description\" content=\"Uzzini par Luar r\u012bkotajiem pas\u0101kumiem \u2013 foto darbn\u012bc\u0101m, izst\u0101d\u0113m un citiem rado\u0161iem notikumiem. Pievienojies un iedvesmojies kop\u0101 ar citiem!\" \/>\n<meta name=\"robots\" content=\"index, follow, max-snippet:-1, max-image-preview:large, max-video-preview:-1\" \/>\n<link rel=\"canonical\" href=\"https:\/\/luar.lv\/en\/pasakumi\/\" \/>\n<meta property=\"og:locale\" content=\"en_GB\" \/>\n<meta property=\"og:type\" content=\"article\" \/>\n<meta property=\"og:title\" content=\"LUAR - Pas\u0101kumi\" \/>\n<meta property=\"og:description\" content=\"Uzzini par Luar r\u012bkotajiem pas\u0101kumiem \u2013 foto darbn\u012bc\u0101m, izst\u0101d\u0113m un citiem rado\u0161iem notikumiem. Pievienojies un iedvesmojies kop\u0101 ar citiem!\" \/>\n<meta property=\"og:url\" content=\"https:\/\/luar.lv\/en\/pasakumi\/\" \/>\n<meta property=\"og:site_name\" content=\"LUAR\" \/>\n<meta property=\"article:publisher\" content=\"https:\/\/www.facebook.com\/luarlv\/\" \/>\n<meta property=\"article:modified_time\" content=\"2025-05-20T08:00:01+00:00\" \/>\n<meta property=\"og:image\" content=\"https:\/\/luar.lv\/wp-content\/uploads\/2025\/05\/luar-seo.jpg\" \/>\n\t<meta property=\"og:image:width\" content=\"1600\" \/>\n\t<meta property=\"og:image:height\" content=\"1067\" \/>\n\t<meta property=\"og:image:type\" content=\"image\/jpeg\" \/>\n<meta name=\"twitter:card\" content=\"summary_large_image\" \/>\n<meta name=\"twitter:label1\" content=\"Estimated reading time\" \/>\n\t<meta name=\"twitter:data1\" content=\"1 minute\" \/>\n<script type=\"application\/ld+json\" class=\"yoast-schema-graph\">{\"@context\":\"https:\\\/\\\/schema.org\",\"@graph\":[{\"@type\":\"WebPage\",\"@id\":\"https:\\\/\\\/luar.lv\\\/pasakumi\\\/\",\"url\":\"https:\\\/\\\/luar.lv\\\/pasakumi\\\/\",\"name\":\"LUAR - Pas\u0101kumi\",\"isPartOf\":{\"@id\":\"https:\\\/\\\/luar.lv\\\/#website\"},\"primaryImageOfPage\":{\"@id\":\"https:\\\/\\\/luar.lv\\\/pasakumi\\\/#primaryimage\"},\"image\":{\"@id\":\"https:\\\/\\\/luar.lv\\\/pasakumi\\\/#primaryimage\"},\"thumbnailUrl\":\"https:\\\/\\\/luar.lv\\\/wp-content\\\/uploads\\\/2025\\\/05\\\/luar-seo.jpg\",\"datePublished\":\"2018-05-16T08:25:03+00:00\",\"dateModified\":\"2025-05-20T08:00:01+00:00\",\"description\":\"Uzzini par Luar r\u012bkotajiem pas\u0101kumiem \u2013 foto darbn\u012bc\u0101m, izst\u0101d\u0113m un citiem rado\u0161iem notikumiem. Pievienojies un iedvesmojies kop\u0101 ar citiem!\",\"breadcrumb\":{\"@id\":\"https:\\\/\\\/luar.lv\\\/pasakumi\\\/#breadcrumb\"},\"inLanguage\":\"en-GB\",\"potentialAction\":[{\"@type\":\"ReadAction\",\"target\":[\"https:\\\/\\\/luar.lv\\\/pasakumi\\\/\"]}]},{\"@type\":\"ImageObject\",\"inLanguage\":\"en-GB\",\"@id\":\"https:\\\/\\\/luar.lv\\\/pasakumi\\\/#primaryimage\",\"url\":\"https:\\\/\\\/luar.lv\\\/wp-content\\\/uploads\\\/2025\\\/05\\\/luar-seo.jpg\",\"contentUrl\":\"https:\\\/\\\/luar.lv\\\/wp-content\\\/uploads\\\/2025\\\/05\\\/luar-seo.jpg\",\"width\":1600,\"height\":1067,\"caption\":\"luar-seo\"},{\"@type\":\"BreadcrumbList\",\"@id\":\"https:\\\/\\\/luar.lv\\\/pasakumi\\\/#breadcrumb\",\"itemListElement\":[{\"@type\":\"ListItem\",\"position\":1,\"name\":\"\u0413\u043b\u0430\u0432\u043d\u0430\u044f \u0441\u0442\u0440\u0430\u043d\u0438\u0446\u0430\",\"item\":\"https:\\\/\\\/luar.lv\\\/\"},{\"@type\":\"ListItem\",\"position\":2,\"name\":\"Pas\u0101kumi\"}]},{\"@type\":\"WebSite\",\"@id\":\"https:\\\/\\\/luar.lv\\\/#website\",\"url\":\"https:\\\/\\\/luar.lv\\\/\",\"name\":\"Luar.lv\",\"description\":\"K\u0101zu fotogr\u0101fs\",\"publisher\":{\"@id\":\"https:\\\/\\\/luar.lv\\\/#\\\/schema\\\/person\\\/85d2ced4326f871f6b1df253196131c0\"},\"potentialAction\":[{\"@type\":\"SearchAction\",\"target\":{\"@type\":\"EntryPoint\",\"urlTemplate\":\"https:\\\/\\\/luar.lv\\\/?s={search_term_string}\"},\"query-input\":{\"@type\":\"PropertyValueSpecification\",\"valueRequired\":true,\"valueName\":\"search_term_string\"}}],\"inLanguage\":\"en-GB\"},{\"@type\":[\"Person\",\"Organization\"],\"@id\":\"https:\\\/\\\/luar.lv\\\/#\\\/schema\\\/person\\\/85d2ced4326f871f6b1df253196131c0\",\"name\":\"luar\",\"image\":{\"@type\":\"ImageObject\",\"inLanguage\":\"en-GB\",\"@id\":\"https:\\\/\\\/luar.lv\\\/wp-content\\\/uploads\\\/2025\\\/02\\\/luar-logo-ws.png\",\"url\":\"https:\\\/\\\/luar.lv\\\/wp-content\\\/uploads\\\/2025\\\/02\\\/luar-logo-ws.png\",\"contentUrl\":\"https:\\\/\\\/luar.lv\\\/wp-content\\\/uploads\\\/2025\\\/02\\\/luar-logo-ws.png\",\"width\":1428,\"height\":926,\"caption\":\"luar\"},\"logo\":{\"@id\":\"https:\\\/\\\/luar.lv\\\/wp-content\\\/uploads\\\/2025\\\/02\\\/luar-logo-ws.png\"},\"sameAs\":[\"http:\\\/\\\/luar.lv\",\"https:\\\/\\\/www.facebook.com\\\/luarlv\\\/\",\"https:\\\/\\\/www.instagram.com\\\/luarlv\\\/\"]}]}<\/script>\n<!-- \/ Yoast SEO plugin. -->","yoast_head_json":{"title":"LUAR - Pas\u0101kumi","description":"Uzzini par Luar r\u012bkotajiem pas\u0101kumiem \u2013 foto darbn\u012bc\u0101m, izst\u0101d\u0113m un citiem rado\u0161iem notikumiem. Pievienojies un iedvesmojies kop\u0101 ar citiem!","robots":{"index":"index","follow":"follow","max-snippet":"max-snippet:-1","max-image-preview":"max-image-preview:large","max-video-preview":"max-video-preview:-1"},"canonical":"https:\/\/luar.lv\/en\/pasakumi\/","og_locale":"en_GB","og_type":"article","og_title":"LUAR - Pas\u0101kumi","og_description":"Uzzini par Luar r\u012bkotajiem pas\u0101kumiem \u2013 foto darbn\u012bc\u0101m, izst\u0101d\u0113m un citiem rado\u0161iem notikumiem. Pievienojies un iedvesmojies kop\u0101 ar citiem!","og_url":"https:\/\/luar.lv\/en\/pasakumi\/","og_site_name":"LUAR","article_publisher":"https:\/\/www.facebook.com\/luarlv\/","article_modified_time":"2025-05-20T08:00:01+00:00","og_image":[{"width":1600,"height":1067,"url":"https:\/\/luar.lv\/wp-content\/uploads\/2025\/05\/luar-seo.jpg","type":"image\/jpeg"}],"twitter_card":"summary_large_image","twitter_misc":{"Estimated reading time":"1 minute"},"schema":{"@context":"https:\/\/schema.org","@graph":[{"@type":"WebPage","@id":"https:\/\/luar.lv\/pasakumi\/","url":"https:\/\/luar.lv\/pasakumi\/","name":"LUAR - Pas\u0101kumi","isPartOf":{"@id":"https:\/\/luar.lv\/#website"},"primaryImageOfPage":{"@id":"https:\/\/luar.lv\/pasakumi\/#primaryimage"},"image":{"@id":"https:\/\/luar.lv\/pasakumi\/#primaryimage"},"thumbnailUrl":"https:\/\/luar.lv\/wp-content\/uploads\/2025\/05\/luar-seo.jpg","datePublished":"2018-05-16T08:25:03+00:00","dateModified":"2025-05-20T08:00:01+00:00","description":"Uzzini par Luar r\u012bkotajiem pas\u0101kumiem \u2013 foto darbn\u012bc\u0101m, izst\u0101d\u0113m un citiem rado\u0161iem notikumiem. Pievienojies un iedvesmojies kop\u0101 ar citiem!","breadcrumb":{"@id":"https:\/\/luar.lv\/pasakumi\/#breadcrumb"},"inLanguage":"en-GB","potentialAction":[{"@type":"ReadAction","target":["https:\/\/luar.lv\/pasakumi\/"]}]},{"@type":"ImageObject","inLanguage":"en-GB","@id":"https:\/\/luar.lv\/pasakumi\/#primaryimage","url":"https:\/\/luar.lv\/wp-content\/uploads\/2025\/05\/luar-seo.jpg","contentUrl":"https:\/\/luar.lv\/wp-content\/uploads\/2025\/05\/luar-seo.jpg","width":1600,"height":1067,"caption":"luar-seo"},{"@type":"BreadcrumbList","@id":"https:\/\/luar.lv\/pasakumi\/#breadcrumb","itemListElement":[{"@type":"ListItem","position":1,"name":"\u0413\u043b\u0430\u0432\u043d\u0430\u044f \u0441\u0442\u0440\u0430\u043d\u0438\u0446\u0430","item":"https:\/\/luar.lv\/"},{"@type":"ListItem","position":2,"name":"Pas\u0101kumi"}]},{"@type":"WebSite","@id":"https:\/\/luar.lv\/#website","url":"https:\/\/luar.lv\/","name":"Luar.lv","description":"K\u0101zu fotogr\u0101fs","publisher":{"@id":"https:\/\/luar.lv\/#\/schema\/person\/85d2ced4326f871f6b1df253196131c0"},"potentialAction":[{"@type":"SearchAction","target":{"@type":"EntryPoint","urlTemplate":"https:\/\/luar.lv\/?s={search_term_string}"},"query-input":{"@type":"PropertyValueSpecification","valueRequired":true,"valueName":"search_term_string"}}],"inLanguage":"en-GB"},{"@type":["Person","Organization"],"@id":"https:\/\/luar.lv\/#\/schema\/person\/85d2ced4326f871f6b1df253196131c0","name":"luar","image":{"@type":"ImageObject","inLanguage":"en-GB","@id":"https:\/\/luar.lv\/wp-content\/uploads\/2025\/02\/luar-logo-ws.png","url":"https:\/\/luar.lv\/wp-content\/uploads\/2025\/02\/luar-logo-ws.png","contentUrl":"https:\/\/luar.lv\/wp-content\/uploads\/2025\/02\/luar-logo-ws.png","width":1428,"height":926,"caption":"luar"},"logo":{"@id":"https:\/\/luar.lv\/wp-content\/uploads\/2025\/02\/luar-logo-ws.png"},"sameAs":["http:\/\/luar.lv","https:\/\/www.facebook.com\/luarlv\/","https:\/\/www.instagram.com\/luarlv\/"]}]}},"featured_image_src":"https:\/\/luar.lv\/wp-content\/uploads\/2025\/05\/luar-seo-600x400.jpg","featured_image_src_square":"https:\/\/luar.lv\/wp-content\/uploads\/2025\/05\/luar-seo-600x600.jpg","_links":{"self":[{"href":"https:\/\/luar.lv\/en\/wp-json\/wp\/v2\/pages\/3933","targetHints":{"allow":["GET"]}}],"collection":[{"href":"https:\/\/luar.lv\/en\/wp-json\/wp\/v2\/pages"}],"about":[{"href":"https:\/\/luar.lv\/en\/wp-json\/wp\/v2\/types\/page"}],"author":[{"embeddable":true,"href":"https:\/\/luar.lv\/en\/wp-json\/wp\/v2\/users\/1"}],"replies":[{"embeddable":true,"href":"https:\/\/luar.lv\/en\/wp-json\/wp\/v2\/comments?post=3933"}],"version-history":[{"count":1,"href":"https:\/\/luar.lv\/en\/wp-json\/wp\/v2\/pages\/3933\/revisions"}],"predecessor-version":[{"id":7254,"href":"https:\/\/luar.lv\/en\/wp-json\/wp\/v2\/pages\/3933\/revisions\/7254"}],"wp:featuredmedia":[{"embeddable":true,"href":"https:\/\/luar.lv\/en\/wp-json\/wp\/v2\/media\/8165"}],"wp:attachment":[{"href":"https:\/\/luar.lv\/en\/wp-json\/wp\/v2\/media?parent=3933"}],"curies":[{"name":"wp","href":"https:\/\/api.w.org\/{rel}","templated":true}]}}