{"id":5002,"date":"2018-05-24T12:17:31","date_gmt":"2018-05-24T12:17:31","guid":{"rendered":"http:\/\/wiso.foxthemes.me\/?page_id=5002"},"modified":"2025-05-20T10:24:23","modified_gmt":"2025-05-20T08:24:23","slug":"cenradis","status":"publish","type":"page","link":"https:\/\/luar.lv\/en\/cenradis\/","title":{"rendered":"Pricing"},"content":{"rendered":"<div class=\"wpb-content-wrapper\"><div data-vc-full-width=\"true\" data-vc-full-width-init=\"false\" data-vc-stretch-content=\"true\" class=\"vc_row wpb_row vc_row-fluid vc_row-no-padding  margin-xs-15b\"><div class=\"wpb_column vc_column_container vc_col-sm-12\"><div class=\"vc_column-inner vc_custom_1740339575832\"><div class=\"wpb_wrapper\">[wiso_banner style_banner=&#8221;simple&#8221; style=&#8221;center_content&#8221; title=&#8221;CENR\u0100DIS&#8221; image=&#8221;1629&#8243;]<\/div><\/div><\/div><\/div><div class=\"vc_row-full-width vc_clearfix\"><\/div><div data-vc-full-width=\"true\" data-vc-full-width-init=\"false\" class=\"vc_row wpb_row vc_row-fluid vc_custom_1745574718499 vc_row-has-fill vc_column-gap-1 vc_row-o-content-middle vc_row-flex  margin-xs-0b\"><div class=\"wpb_column vc_column_container vc_col-sm-6\"><div class=\"vc_column-inner\"><div class=\"wpb_wrapper\">[vc_pricing subtitle=&#8221;Ieguld\u012bjums j\u016bsu atmi\u0146\u0101s &#8211; 350\u20ac&#8221; title=&#8221;MINI&#8221;]<\/p>\n<ul>\n<li>Ideal for: small events, individual photo shoots, love stories, family reunions.<br \/>\n\u200e<\/li>\n<li>\n<div>- Up to 3 hours photo shoot<\/div>\n<\/li>\n<li>\n<div>- Initial consultation (by phone or online)<\/div>\n<\/li>\n<li>\n<div>- Help with location and style<\/div>\n<\/li>\n<li>\n<div>- Signing the contract<\/div>\n<\/li>\n<li>\n<div>- 80-250 processed photos (depending on the shoot and the intensity of the day)<\/div>\n<\/li>\n<li>\n<div>- Online gallery for downloading and viewing<\/div>\n<\/li>\n<li>\n<div>- Lead time: up to 3 months in summer<\/div>\n<div>\u200e<\/div>\n<div><strong>Important:<\/strong><\/div>\n<div>This package is only available Monday to Thursday during the summer wedding season (May to September). Travel expenses are not included.<\/div>\n<\/li>\n<\/ul>\n<p>[\/vc_pricing]<\/div><\/div><\/div><div class=\"wpb_column vc_column_container vc_col-sm-6\"><div class=\"vc_column-inner\"><div class=\"wpb_wrapper\">[vc_pricing subtitle=&#8221;Ieguld\u012bjums j\u016bsu atmi\u0146\u0101s &#8211; 650\u20ac&#8221; title=&#8221;STANDARD&#8221; css=&#8221;.vc_custom_1747728797830{margin-top: 0px !important;}&#8221;]<\/p>\n<ul>\n<li>\n<div>- Up to 6 hours photo shoot<\/div>\n<\/li>\n<li>\n<div>- Meeting\/consultation and time planning<\/div>\n<\/li>\n<li>\n<div>- Signing the contract<\/div>\n<\/li>\n<li>\n<div>- Help with choosing locations and properties<\/div>\n<\/li>\n<li>\n<div>- Up to 350 processed photos<\/div>\n<\/li>\n<li>\n<div>- Online gallery for downloading and viewing<\/div>\n<\/li>\n<li>- Lead time: up to 3 months in summer<br \/>\n\u200e<\/p>\n<div><strong>Important:<\/strong><\/div>\n<div>Travel expenses are not included.<\/div>\n<\/li>\n<\/ul>\n<p>[\/vc_pricing]<\/div><\/div><\/div><\/div><div class=\"vc_row-full-width vc_clearfix\"><\/div><div data-vc-full-width=\"true\" data-vc-full-width-init=\"false\" class=\"vc_row wpb_row vc_row-fluid vc_custom_1745755072995 vc_row-has-fill vc_column-gap-1 vc_row-o-content-middle vc_row-flex  margin-xs-0b\"><div class=\"wpb_column vc_column_container vc_col-sm-6\"><div class=\"vc_column-inner\"><div class=\"wpb_wrapper\">[vc_pricing subtitle=&#8221;Ieguld\u012bjums j\u016bsu atmi\u0146\u0101s &#8211; 850\u20ac&#8221; title=&#8221;FULL DAY&#8221;]<\/p>\n<ul>\n<li>\n<div>- Up to 12-hour photo shoot<\/div>\n<\/li>\n<li>\n<div>- Preliminary meeting \/ consultation<\/div>\n<\/li>\n<li>\n<div>- Support within the organisation (plan, timetable, recommendations)<\/div>\n<\/li>\n<li>\n<div>- Help with other service providers (as needed)<\/div>\n<\/li>\n<li>\n<div>- 400-600 processed photos for colour correction<\/div>\n<\/li>\n<li>\n<div>- Individual retouching of close-up portraits (5-10 best portraits)<\/div>\n<\/li>\n<li>\n<div>- Online gallery for downloading and viewing<\/div>\n<\/li>\n<li>- Travel expenses included<\/li>\n<li>\n<div>- Lead time: up to 3 months in summer<\/div>\n<\/li>\n<li>\n<div>- Signing the contract<\/div>\n<\/li>\n<li>\n<div>- Possibility of using a second photographer (extra charge)<\/div>\n<\/li>\n<\/ul>\n<p>[\/vc_pricing]<\/div><\/div><\/div><div class=\"wpb_column vc_column_container vc_col-sm-6\"><div class=\"vc_column-inner\"><div class=\"wpb_wrapper\">[vc_pricing subtitle=&#8221;Ieguld\u012bjums j\u016bsu atmi\u0146\u0101s &#8211; 1500\u20ac&#8221; title=&#8221;ALL-Inclusive&#8221;]<\/p>\n<ul>\n<li>\n<div>Ideal for those who want the whole day - from the morning preparations to the end of the evening celebrations - to be captured down to the last detail.<\/div>\n<div>\"ALL\" - because I am with you all day as a friend and helper.<br \/>\n\u200e \u200e<\/div>\n<\/li>\n<li>\n<div>- Up to 16 - 18 hours of continuous photography<\/div>\n<\/li>\n<li>\n<div>- In-depth consultation and development of an individual plan<\/div>\n<\/li>\n<li>\n<div>- Help with team selection (videographer, make-up artist, etc.)<\/div>\n<\/li>\n<li>\n<div>- Up to 800 photos with colour correction, 300+ with author's retouching<\/div>\n<\/li>\n<li>\n<div>- Online gallery + stylish USB in elegant packaging<\/div>\n<\/li>\n<li>\n<div>- Possibility to pay in instalments<\/div>\n<\/li>\n<li>\n<div>- Support throughout the preparation period<\/div>\n<\/li>\n<li>\n<div>- Bonus: \"love story\" mini-session<\/div>\n<\/li>\n<li>\n<div>- Travel expenses included<\/div>\n<\/li>\n<li>\n<div>- Signing the contract<\/div>\n<\/li>\n<li>\n<div><strong>- Lead time: up to 7 working days<\/strong><\/div>\n<\/li>\n<li>\n<div>- Possibility of using a second photographer (extra charge)<\/div>\n<\/li>\n<li>\n<div>\u2013 Mini video of the wedding day<\/div>\n<\/li>\n<\/ul>\n<div><\/div>\n<p>[\/vc_pricing]<\/div><\/div><\/div><\/div><div class=\"vc_row-full-width vc_clearfix\"><\/div><div data-vc-full-width=\"true\" data-vc-full-width-init=\"false\" class=\"vc_row wpb_row vc_row-fluid vc_custom_1745755129156 vc_row-has-fill  margin-xs-0b\"><div class=\"wpb_column vc_column_container vc_col-sm-6\"><div class=\"vc_column-inner\"><div class=\"wpb_wrapper\">[wiso_services style=&#8221;center&#8221; icon=&#8221;icon-warning-hexagon&#8221; title=&#8221;Darbs piln\u012bg\u0101 konfidencialit\u0101t\u0113&#8221; text=&#8221;Ja nev\u0113laties, lai public\u0113tu J\u016bsu fotogr\u0101fijas, tad tas tiek sarun\u0101ts un atrun\u0101ts ligum\u0101 pirms esam uzs\u0101ku\u0161i sagatavo\u0161an\u0101s darbus foto sesijai.<\/p>\n<p>\u0160\u0101ds pakalpojuma saturs maks\u0101 +50% no izv\u0113l\u0113t\u0101s pakalpojuma paketes.&#8221;]<\/div><\/div><\/div><div class=\"wpb_column vc_column_container vc_col-sm-6\"><div class=\"vc_column-inner\"><div class=\"wpb_wrapper\">[wiso_services style=&#8221;center&#8221; icon=&#8221;icon-fast-delivery&#8221; title=&#8221;Sa\u0146emt fotogr\u0101fijas \u0101tr\u0101k&#8221; text=&#8221;Ja v\u0113laties sa\u0146emt fotogr\u0101fijas \u0101tr\u0101k, apstr\u0101de \u0101rpus rindas k\u0101rt\u012bb\u0101, proti 10 dienu laik\u0101 no fotosesijas datuma &#8211; maks\u0101juma summa + 30% no izv\u0113l\u0113t\u0101s pakalpojuma paketes.&#8221;]<\/div><\/div><\/div><\/div><div class=\"vc_row-full-width vc_clearfix\"><\/div>\n<\/div>","protected":false},"excerpt":{"rendered":"[wiso_banner style_banner=\"simple\" style=\"center_content\" title=\"CENR\u0100DIS\" image=\"1629\"][vc_pricing subtitle=\"Ieguld\u012bjums j\u016bsu atmi\u0146\u0101s - 350\u20ac\" title=\"MINI\"] Ide\u0101li piem\u0113rota: nelieliem pas\u0101kumiem, individu\u0101l\u0101m fotosesij\u0101m, \u201clove story\u201d, \u0123imenes tik\u0161an\u0101s reiz\u0113m. \u200e - L\u012bdz 3 stundu fotosesija - S\u0101kotn\u0113ja konsult\u0101cija (telefoniski vai tie\u0161saist\u0113) - Pal\u012bdz\u012bba lok\u0101cijas un stila izv\u0113l\u0113 - L\u012bguma parakst\u012b\u0161ana - 80\u2013250 apstr\u0101d\u0101tas fotogr\u0101fijas (atkar\u012bb\u0101 no fotosesijas un dienas intensit\u0101tes) - Tie\u0161saistes ...","protected":false},"author":1,"featured_media":8165,"parent":0,"menu_order":0,"comment_status":"closed","ping_status":"closed","template":"","meta":{"footnotes":""},"class_list":["post-5002","page","type-page","status-publish","has-post-thumbnail","hentry"],"yoast_head":"<!-- This site is optimized with the Yoast SEO plugin v27.5 - https:\/\/yoast.com\/product\/yoast-seo-wordpress\/ -->\n<title>LUAR - Cenr\u0101dis<\/title>\n<meta name=\"description\" content=\"Uzzini Luar k\u0101zu fotogr\u0101fa pakalpojumu cenas \u2013 p\u0101rskat\u0101mi pied\u0101v\u0101jumi da\u017e\u0101diem bud\u017eetiem un vajadz\u012bb\u0101m. Atrodi sev piem\u0113rot\u0101ko!\" \/>\n<meta name=\"robots\" content=\"index, follow, max-snippet:-1, max-image-preview:large, max-video-preview:-1\" \/>\n<link rel=\"canonical\" href=\"https:\/\/luar.lv\/en\/cenradis\/\" \/>\n<meta property=\"og:locale\" content=\"en_GB\" \/>\n<meta property=\"og:type\" content=\"article\" \/>\n<meta property=\"og:title\" content=\"LUAR - Cenr\u0101dis\" \/>\n<meta property=\"og:description\" content=\"Uzzini Luar k\u0101zu fotogr\u0101fa pakalpojumu cenas \u2013 p\u0101rskat\u0101mi pied\u0101v\u0101jumi da\u017e\u0101diem bud\u017eetiem un vajadz\u012bb\u0101m. Atrodi sev piem\u0113rot\u0101ko!\" \/>\n<meta property=\"og:url\" content=\"https:\/\/luar.lv\/en\/cenradis\/\" \/>\n<meta property=\"og:site_name\" content=\"LUAR\" \/>\n<meta property=\"article:publisher\" content=\"https:\/\/www.facebook.com\/luarlv\/\" \/>\n<meta property=\"article:modified_time\" content=\"2025-05-20T08:24:23+00:00\" \/>\n<meta property=\"og:image\" content=\"https:\/\/luar.lv\/wp-content\/uploads\/2025\/05\/luar-seo.jpg\" \/>\n\t<meta property=\"og:image:width\" content=\"1600\" \/>\n\t<meta property=\"og:image:height\" content=\"1067\" \/>\n\t<meta property=\"og:image:type\" content=\"image\/jpeg\" \/>\n<meta name=\"twitter:card\" content=\"summary_large_image\" \/>\n<meta name=\"twitter:label1\" content=\"Estimated reading time\" \/>\n\t<meta name=\"twitter:data1\" content=\"3 minutes\" \/>\n<script type=\"application\/ld+json\" class=\"yoast-schema-graph\">{\"@context\":\"https:\\\/\\\/schema.org\",\"@graph\":[{\"@type\":\"WebPage\",\"@id\":\"https:\\\/\\\/luar.lv\\\/cenradis\\\/\",\"url\":\"https:\\\/\\\/luar.lv\\\/cenradis\\\/\",\"name\":\"LUAR - Cenr\u0101dis\",\"isPartOf\":{\"@id\":\"https:\\\/\\\/luar.lv\\\/#website\"},\"primaryImageOfPage\":{\"@id\":\"https:\\\/\\\/luar.lv\\\/cenradis\\\/#primaryimage\"},\"image\":{\"@id\":\"https:\\\/\\\/luar.lv\\\/cenradis\\\/#primaryimage\"},\"thumbnailUrl\":\"https:\\\/\\\/luar.lv\\\/wp-content\\\/uploads\\\/2025\\\/05\\\/luar-seo.jpg\",\"datePublished\":\"2018-05-24T12:17:31+00:00\",\"dateModified\":\"2025-05-20T08:24:23+00:00\",\"description\":\"Uzzini Luar k\u0101zu fotogr\u0101fa pakalpojumu cenas \u2013 p\u0101rskat\u0101mi pied\u0101v\u0101jumi da\u017e\u0101diem bud\u017eetiem un vajadz\u012bb\u0101m. Atrodi sev piem\u0113rot\u0101ko!\",\"breadcrumb\":{\"@id\":\"https:\\\/\\\/luar.lv\\\/cenradis\\\/#breadcrumb\"},\"inLanguage\":\"en-GB\",\"potentialAction\":[{\"@type\":\"ReadAction\",\"target\":[\"https:\\\/\\\/luar.lv\\\/cenradis\\\/\"]}]},{\"@type\":\"ImageObject\",\"inLanguage\":\"en-GB\",\"@id\":\"https:\\\/\\\/luar.lv\\\/cenradis\\\/#primaryimage\",\"url\":\"https:\\\/\\\/luar.lv\\\/wp-content\\\/uploads\\\/2025\\\/05\\\/luar-seo.jpg\",\"contentUrl\":\"https:\\\/\\\/luar.lv\\\/wp-content\\\/uploads\\\/2025\\\/05\\\/luar-seo.jpg\",\"width\":1600,\"height\":1067,\"caption\":\"luar-seo\"},{\"@type\":\"BreadcrumbList\",\"@id\":\"https:\\\/\\\/luar.lv\\\/cenradis\\\/#breadcrumb\",\"itemListElement\":[{\"@type\":\"ListItem\",\"position\":1,\"name\":\"\u0413\u043b\u0430\u0432\u043d\u0430\u044f \u0441\u0442\u0440\u0430\u043d\u0438\u0446\u0430\",\"item\":\"https:\\\/\\\/luar.lv\\\/\"},{\"@type\":\"ListItem\",\"position\":2,\"name\":\"Cenr\u0101dis\"}]},{\"@type\":\"WebSite\",\"@id\":\"https:\\\/\\\/luar.lv\\\/#website\",\"url\":\"https:\\\/\\\/luar.lv\\\/\",\"name\":\"Luar.lv\",\"description\":\"K\u0101zu fotogr\u0101fs\",\"publisher\":{\"@id\":\"https:\\\/\\\/luar.lv\\\/#\\\/schema\\\/person\\\/85d2ced4326f871f6b1df253196131c0\"},\"potentialAction\":[{\"@type\":\"SearchAction\",\"target\":{\"@type\":\"EntryPoint\",\"urlTemplate\":\"https:\\\/\\\/luar.lv\\\/?s={search_term_string}\"},\"query-input\":{\"@type\":\"PropertyValueSpecification\",\"valueRequired\":true,\"valueName\":\"search_term_string\"}}],\"inLanguage\":\"en-GB\"},{\"@type\":[\"Person\",\"Organization\"],\"@id\":\"https:\\\/\\\/luar.lv\\\/#\\\/schema\\\/person\\\/85d2ced4326f871f6b1df253196131c0\",\"name\":\"luar\",\"image\":{\"@type\":\"ImageObject\",\"inLanguage\":\"en-GB\",\"@id\":\"https:\\\/\\\/luar.lv\\\/wp-content\\\/uploads\\\/2025\\\/02\\\/luar-logo-ws.png\",\"url\":\"https:\\\/\\\/luar.lv\\\/wp-content\\\/uploads\\\/2025\\\/02\\\/luar-logo-ws.png\",\"contentUrl\":\"https:\\\/\\\/luar.lv\\\/wp-content\\\/uploads\\\/2025\\\/02\\\/luar-logo-ws.png\",\"width\":1428,\"height\":926,\"caption\":\"luar\"},\"logo\":{\"@id\":\"https:\\\/\\\/luar.lv\\\/wp-content\\\/uploads\\\/2025\\\/02\\\/luar-logo-ws.png\"},\"sameAs\":[\"http:\\\/\\\/luar.lv\",\"https:\\\/\\\/www.facebook.com\\\/luarlv\\\/\",\"https:\\\/\\\/www.instagram.com\\\/luarlv\\\/\"]}]}<\/script>\n<!-- \/ Yoast SEO plugin. -->","yoast_head_json":{"title":"LUAR - Cenr\u0101dis","description":"Uzzini Luar k\u0101zu fotogr\u0101fa pakalpojumu cenas \u2013 p\u0101rskat\u0101mi pied\u0101v\u0101jumi da\u017e\u0101diem bud\u017eetiem un vajadz\u012bb\u0101m. Atrodi sev piem\u0113rot\u0101ko!","robots":{"index":"index","follow":"follow","max-snippet":"max-snippet:-1","max-image-preview":"max-image-preview:large","max-video-preview":"max-video-preview:-1"},"canonical":"https:\/\/luar.lv\/en\/cenradis\/","og_locale":"en_GB","og_type":"article","og_title":"LUAR - Cenr\u0101dis","og_description":"Uzzini Luar k\u0101zu fotogr\u0101fa pakalpojumu cenas \u2013 p\u0101rskat\u0101mi pied\u0101v\u0101jumi da\u017e\u0101diem bud\u017eetiem un vajadz\u012bb\u0101m. Atrodi sev piem\u0113rot\u0101ko!","og_url":"https:\/\/luar.lv\/en\/cenradis\/","og_site_name":"LUAR","article_publisher":"https:\/\/www.facebook.com\/luarlv\/","article_modified_time":"2025-05-20T08:24:23+00:00","og_image":[{"width":1600,"height":1067,"url":"https:\/\/luar.lv\/wp-content\/uploads\/2025\/05\/luar-seo.jpg","type":"image\/jpeg"}],"twitter_card":"summary_large_image","twitter_misc":{"Estimated reading time":"3 minutes"},"schema":{"@context":"https:\/\/schema.org","@graph":[{"@type":"WebPage","@id":"https:\/\/luar.lv\/cenradis\/","url":"https:\/\/luar.lv\/cenradis\/","name":"LUAR - Cenr\u0101dis","isPartOf":{"@id":"https:\/\/luar.lv\/#website"},"primaryImageOfPage":{"@id":"https:\/\/luar.lv\/cenradis\/#primaryimage"},"image":{"@id":"https:\/\/luar.lv\/cenradis\/#primaryimage"},"thumbnailUrl":"https:\/\/luar.lv\/wp-content\/uploads\/2025\/05\/luar-seo.jpg","datePublished":"2018-05-24T12:17:31+00:00","dateModified":"2025-05-20T08:24:23+00:00","description":"Uzzini Luar k\u0101zu fotogr\u0101fa pakalpojumu cenas \u2013 p\u0101rskat\u0101mi pied\u0101v\u0101jumi da\u017e\u0101diem bud\u017eetiem un vajadz\u012bb\u0101m. Atrodi sev piem\u0113rot\u0101ko!","breadcrumb":{"@id":"https:\/\/luar.lv\/cenradis\/#breadcrumb"},"inLanguage":"en-GB","potentialAction":[{"@type":"ReadAction","target":["https:\/\/luar.lv\/cenradis\/"]}]},{"@type":"ImageObject","inLanguage":"en-GB","@id":"https:\/\/luar.lv\/cenradis\/#primaryimage","url":"https:\/\/luar.lv\/wp-content\/uploads\/2025\/05\/luar-seo.jpg","contentUrl":"https:\/\/luar.lv\/wp-content\/uploads\/2025\/05\/luar-seo.jpg","width":1600,"height":1067,"caption":"luar-seo"},{"@type":"BreadcrumbList","@id":"https:\/\/luar.lv\/cenradis\/#breadcrumb","itemListElement":[{"@type":"ListItem","position":1,"name":"\u0413\u043b\u0430\u0432\u043d\u0430\u044f \u0441\u0442\u0440\u0430\u043d\u0438\u0446\u0430","item":"https:\/\/luar.lv\/"},{"@type":"ListItem","position":2,"name":"Cenr\u0101dis"}]},{"@type":"WebSite","@id":"https:\/\/luar.lv\/#website","url":"https:\/\/luar.lv\/","name":"Luar.lv","description":"K\u0101zu fotogr\u0101fs","publisher":{"@id":"https:\/\/luar.lv\/#\/schema\/person\/85d2ced4326f871f6b1df253196131c0"},"potentialAction":[{"@type":"SearchAction","target":{"@type":"EntryPoint","urlTemplate":"https:\/\/luar.lv\/?s={search_term_string}"},"query-input":{"@type":"PropertyValueSpecification","valueRequired":true,"valueName":"search_term_string"}}],"inLanguage":"en-GB"},{"@type":["Person","Organization"],"@id":"https:\/\/luar.lv\/#\/schema\/person\/85d2ced4326f871f6b1df253196131c0","name":"luar","image":{"@type":"ImageObject","inLanguage":"en-GB","@id":"https:\/\/luar.lv\/wp-content\/uploads\/2025\/02\/luar-logo-ws.png","url":"https:\/\/luar.lv\/wp-content\/uploads\/2025\/02\/luar-logo-ws.png","contentUrl":"https:\/\/luar.lv\/wp-content\/uploads\/2025\/02\/luar-logo-ws.png","width":1428,"height":926,"caption":"luar"},"logo":{"@id":"https:\/\/luar.lv\/wp-content\/uploads\/2025\/02\/luar-logo-ws.png"},"sameAs":["http:\/\/luar.lv","https:\/\/www.facebook.com\/luarlv\/","https:\/\/www.instagram.com\/luarlv\/"]}]}},"featured_image_src":"https:\/\/luar.lv\/wp-content\/uploads\/2025\/05\/luar-seo-600x400.jpg","featured_image_src_square":"https:\/\/luar.lv\/wp-content\/uploads\/2025\/05\/luar-seo-600x600.jpg","_links":{"self":[{"href":"https:\/\/luar.lv\/en\/wp-json\/wp\/v2\/pages\/5002","targetHints":{"allow":["GET"]}}],"collection":[{"href":"https:\/\/luar.lv\/en\/wp-json\/wp\/v2\/pages"}],"about":[{"href":"https:\/\/luar.lv\/en\/wp-json\/wp\/v2\/types\/page"}],"author":[{"embeddable":true,"href":"https:\/\/luar.lv\/en\/wp-json\/wp\/v2\/users\/1"}],"replies":[{"embeddable":true,"href":"https:\/\/luar.lv\/en\/wp-json\/wp\/v2\/comments?post=5002"}],"version-history":[{"count":98,"href":"https:\/\/luar.lv\/en\/wp-json\/wp\/v2\/pages\/5002\/revisions"}],"predecessor-version":[{"id":8169,"href":"https:\/\/luar.lv\/en\/wp-json\/wp\/v2\/pages\/5002\/revisions\/8169"}],"wp:featuredmedia":[{"embeddable":true,"href":"https:\/\/luar.lv\/en\/wp-json\/wp\/v2\/media\/8165"}],"wp:attachment":[{"href":"https:\/\/luar.lv\/en\/wp-json\/wp\/v2\/media?parent=5002"}],"curies":[{"name":"wp","href":"https:\/\/api.w.org\/{rel}","templated":true}]}}