{"id":5010,"date":"2018-05-24T12:21:47","date_gmt":"2018-05-24T12:21:47","guid":{"rendered":"http:\/\/wiso.foxthemes.me\/?page_id=5010"},"modified":"2025-05-20T10:00:14","modified_gmt":"2025-05-20T08:00:14","slug":"pieteikties","status":"publish","type":"page","link":"https:\/\/luar.lv\/en\/pieteikties\/","title":{"rendered":"Apply"},"content":{"rendered":"<div class=\"wpb-content-wrapper\"><div data-vc-full-width=\"true\" data-vc-full-width-init=\"false\" data-vc-stretch-content=\"true\" class=\"vc_row wpb_row vc_row-fluid vc_row-no-padding  margin-lg-60b margin-xs-15b\"><div class=\"wpb_column vc_column_container vc_col-sm-12\"><div class=\"vc_column-inner vc_custom_1740339575832\"><div class=\"wpb_wrapper\">[wiso_banner style_banner=&#8221;simple&#8221; style=&#8221;center_content&#8221; title=&#8221;PIETEIKTIES&#8221; image=&#8221;1629&#8243;]<\/div><\/div><\/div><\/div><div class=\"vc_row-full-width vc_clearfix\"><\/div><div class=\"vc_row wpb_row vc_row-fluid  margin-lg-40t margin-lg-100b margin-md-80t margin-md-90b margin-sm-50t margin-sm-70b margin-xs-20t margin-xs-40b\"><div class=\"wpb_column vc_column_container vc_col-sm-12\"><div class=\"vc_column-inner vc_custom_1525867711306\"><div class=\"wpb_wrapper\">[wiso_headings style=&#8221;classic_text&#8221; subtitle=&#8221;L\u016bdzu, veltiet br\u012bdi, lai aizpild\u012btu \u0161o veidlapu un es var\u0113tu p\u0101rbaud\u012bt savu grafiku un nos\u016bt\u012bt Jums savu pakalpojumu cenas.&#8221; image=&#8221;3239&#8243;]\n<div class=\"wpcf7 no-js\" id=\"wpcf7-f7123-o1\" lang=\"lv\" dir=\"ltr\" data-wpcf7-id=\"7123\">\n<div class=\"screen-reader-response\"><p role=\"status\" aria-live=\"polite\" aria-atomic=\"true\"><\/p> <ul><\/ul><\/div>\n<form action=\"\/en\/wp-json\/wp\/v2\/pages\/5010#wpcf7-f7123-o1\" method=\"post\" class=\"wpcf7-form init\" aria-label=\"Contact form\" novalidate=\"novalidate\" data-status=\"init\" data-trp-original-action=\"\/en\/wp-json\/wp\/v2\/pages\/5010#wpcf7-f7123-o1\">\n<fieldset class=\"hidden-fields-container\"><input type=\"hidden\" name=\"_wpcf7\" value=\"7123\" \/><input type=\"hidden\" name=\"_wpcf7_version\" value=\"6.1.3\" \/><input type=\"hidden\" name=\"_wpcf7_locale\" value=\"lv\" \/><input type=\"hidden\" name=\"_wpcf7_unit_tag\" value=\"wpcf7-f7123-o1\" \/><input type=\"hidden\" name=\"_wpcf7_container_post\" value=\"0\" \/><input type=\"hidden\" name=\"_wpcf7_posted_data_hash\" value=\"\" \/>\n<\/fieldset>\n<div class=\"booking-form\">\n\t<div class=\"in-group\">\n\t\t<div class=\"row\">\n\t\t\t<p><span class=\"wpcf7-form-control-wrap\" data-name=\"vards\"><input size=\"40\" maxlength=\"400\" class=\"wpcf7-form-control wpcf7-text wpcf7-validates-as-required\" autocomplete=\"name\" aria-required=\"true\" aria-invalid=\"false\" placeholder=\"Name\" value=\"\" type=\"text\" name=\"vards\" \/><\/span><br \/>\n<span class=\"wpcf7-form-control-wrap\" data-name=\"uzvards\"><input size=\"40\" maxlength=\"400\" class=\"wpcf7-form-control wpcf7-text wpcf7-validates-as-required\" autocomplete=\"name\" aria-required=\"true\" aria-invalid=\"false\" placeholder=\"Last name\" value=\"\" type=\"text\" name=\"uzvards\" \/><\/span>\n\t\t\t<\/p>\n\t\t<\/div>\n\t\t<div class=\"row\">\n\t\t\t<p><span class=\"wpcf7-form-control-wrap\" data-name=\"epasts\"><input size=\"40\" maxlength=\"400\" class=\"wpcf7-form-control wpcf7-email wpcf7-validates-as-required wpcf7-text wpcf7-validates-as-email\" autocomplete=\"email\" aria-required=\"true\" aria-invalid=\"false\" placeholder=\"Email\" value=\"\" type=\"email\" name=\"epasts\" \/><\/span><br \/>\n<span class=\"wpcf7-form-control-wrap\" data-name=\"telefons\"><input size=\"40\" maxlength=\"400\" class=\"wpcf7-form-control wpcf7-tel wpcf7-validates-as-required wpcf7-text wpcf7-validates-as-tel\" autocomplete=\"tel\" aria-required=\"true\" aria-invalid=\"false\" placeholder=\"Phone\" value=\"\" type=\"tel\" name=\"telefons\" \/><\/span>\n\t\t\t<\/p>\n\t\t<\/div>\n\t\t<div class=\"row\">\n\t\t\t<p><span class=\"wpcf7-form-control-wrap\" data-name=\"datums\"><input class=\"wpcf7-form-control wpcf7-date wpcf7-validates-as-required wpcf7-validates-as-date\" aria-required=\"true\" aria-invalid=\"false\" value=\"\" type=\"date\" name=\"datums\" \/><\/span><br \/>\n<span class=\"wpcf7-form-control-wrap\" data-name=\"kazu-vieta\"><input size=\"40\" maxlength=\"400\" class=\"wpcf7-form-control wpcf7-text\" aria-invalid=\"false\" placeholder=\"Wedding venue\" value=\"\" type=\"text\" name=\"kazu-vieta\" \/><\/span>\n\t\t\t<\/p>\n\t\t<\/div>\n\t<\/div>\n\t<div class=\"se-group\">\n\t\t<div class=\"row\">\n\t\t\t<div class=\"group\">\n\t\t\t\t<p class=\"cb-title\">Could you tell us how many guests were at your wedding?(Optional)\n\t\t\t\t<\/p>\n\t\t\t\t<p><span class=\"wpcf7-form-control-wrap\" data-name=\"viesi\"><select class=\"wpcf7-form-control wpcf7-select\" aria-invalid=\"false\" name=\"viesi\"><option value=\"Tikai m\u0113s divi\">Just the two of us<\/option><option value=\"L\u012bdz 20 viesiem\">Up to 20 guests<\/option><option value=\"L\u012bdz 50 viesiem\">Up to 50 guests<\/option><option value=\"50 - 100 Viesi\">50 - 100 Viesi<\/option><option value=\"100 - 150 Viesi\">100 - 150 Guests<\/option><option value=\"150+ Viesi\">150+ Guests<\/option><\/select><\/span>\n\t\t\t\t<\/p>\n\t\t\t<\/div>\n\t\t\t<div class=\"group\">\n\t\t\t\t<p class=\"cb-title\">How many hours of photography do you need? (optional)\n\t\t\t\t<\/p>\n\t\t\t\t<p><span class=\"wpcf7-form-control-wrap\" data-name=\"stundas\"><select class=\"wpcf7-form-control wpcf7-select\" aria-invalid=\"false\" name=\"stundas\"><option value=\"1h\">1h<\/option><option value=\"l\u012bdz 3h\">up to 3h<\/option><option value=\"l\u012bdz 6h\">up to 6h<\/option><option value=\"l\u012bdz 12h\">up to 12h<\/option><option value=\"l\u012bdz 16-18h\">up to 16-18h<\/option><option value=\"vair\u0101k par 18h\">more than 18h<\/option><\/select><\/span>\n\t\t\t\t<\/p>\n\t\t\t<\/div>\n\t\t<\/div>\n\t<\/div>\n\t<div class=\"full-width\">\n\t\t<p><span class=\"wpcf7-form-control-wrap\" data-name=\"piezimes\"><textarea cols=\"40\" rows=\"4\" maxlength=\"2000\" class=\"wpcf7-form-control wpcf7-textarea\" aria-invalid=\"false\" placeholder=\"Additional comments\" name=\"piezimes\"><\/textarea><\/span>\n\t\t<\/p>\n\t<\/div>\n\t<div class=\"full-width\">\n\t\t<p><span class=\"wpcf7-form-control-wrap\" data-name=\"atsauksme\"><input size=\"40\" maxlength=\"400\" class=\"wpcf7-form-control wpcf7-text\" aria-invalid=\"false\" placeholder=\"How did you hear about me and my studio?\" value=\"\" type=\"text\" name=\"atsauksme\" \/><\/span>\n\t\t<\/p>\n\t<\/div>\n\t<div class=\"full-width\">\n\t\t<p class=\"cb-title\">Confirm that you are not a robot!\n\t\t<\/p>\n\t\t<p><img decoding=\"async\" src=\"https:\/\/luar.lv\/wp-content\/uploads\/2025\/11\/luar-quiz.webp\" alt=\"Matem\u0101tisks uzdevums\" width=\"70\" style=\"display:block; position:relative; top:16px; margin:0;\" \/><br \/>\n<span class=\"wpcf7-form-control-wrap\" data-name=\"quiz-math\"><label><span class=\"wpcf7-quiz-label\"><\/span> <input size=\"40\" class=\"wpcf7-form-control wpcf7-quiz\" autocomplete=\"off\" aria-required=\"true\" aria-invalid=\"false\" type=\"text\" name=\"quiz-math\" \/><\/label><input type=\"hidden\" name=\"_wpcf7_quiz_answer_quiz-math\" value=\"a116c2ec2ff07ac3a8d4f6821875d28a\" \/><\/span>\n\t\t<\/p>\n\t<\/div>\n<\/div>\n<p><span class=\"wpcf7-form-control-wrap\" data-name=\"piekrisana\"><span class=\"wpcf7-form-control wpcf7-acceptance\"><span class=\"wpcf7-list-item\"><label><input type=\"checkbox\" name=\"piekrisana\" value=\"1\" aria-invalid=\"false\" \/><span class=\"wpcf7-list-item-label\">I consent to the processing of my personal data.<\/span><\/label><\/span><\/span><\/span><br \/>\n<input class=\"wpcf7-form-control wpcf7-submit has-spinner\" type=\"submit\" value=\"Apply\" \/>\n<\/p><div class=\"wpcf7-response-output\" aria-hidden=\"true\"><\/div>\n<input type=\"hidden\" name=\"trp-form-language\" value=\"en\"\/><\/form>\n<\/div>\n<\/div><\/div><\/div><\/div>\n<\/div>","protected":false},"excerpt":{"rendered":"[wiso_banner style_banner=\"simple\" style=\"center_content\" title=\"PIETEIKTIES\" image=\"1629\"][wiso_headings style=\"classic_text\" subtitle=\"L\u016bdzu, veltiet br\u012bdi, lai aizpild\u012btu \u0161o veidlapu un es var\u0113tu p\u0101rbaud\u012bt savu grafiku un nos\u016bt\u012bt Jums savu pakalpojumu cenas.\" image=\"3239\"] Vai j\u016bs var\u0113tu past\u0101st\u012bt, cik viesu bija j\u016bsu k\u0101z\u0101s?(P\u0113c izv\u0113les) Tikai m\u0113s diviL\u012bdz 20 viesiemL\u012bdz 50 viesiem50 - 100 Viesi100 - 150 Viesi150+ Viesi Cik fotograf\u0113\u0161anas stundu jums ir ...","protected":false},"author":1,"featured_media":8165,"parent":0,"menu_order":0,"comment_status":"closed","ping_status":"closed","template":"","meta":{"footnotes":""},"class_list":["post-5010","page","type-page","status-publish","has-post-thumbnail","hentry"],"yoast_head":"<!-- This site is optimized with the Yoast SEO plugin v27.5 - https:\/\/yoast.com\/product\/yoast-seo-wordpress\/ -->\n<title>LUAR - Pieteikties<\/title>\n<meta name=\"description\" content=\"Piesaki savu k\u0101zu fotosesiju \u0101tri un \u0113rti! Aizpildi formu un sa\u0146em atbildi no fotogr\u0101fa Luar \u2013 rado\u0161a un profesion\u0101la pieeja katram p\u0101rim.\" \/>\n<meta name=\"robots\" content=\"index, follow, max-snippet:-1, max-image-preview:large, max-video-preview:-1\" \/>\n<link rel=\"canonical\" href=\"https:\/\/luar.lv\/en\/pieteikties\/\" \/>\n<meta property=\"og:locale\" content=\"en_GB\" \/>\n<meta property=\"og:type\" content=\"article\" \/>\n<meta property=\"og:title\" content=\"LUAR - Pieteikties\" \/>\n<meta property=\"og:description\" content=\"Piesaki savu k\u0101zu fotosesiju \u0101tri un \u0113rti! Aizpildi formu un sa\u0146em atbildi no fotogr\u0101fa Luar \u2013 rado\u0161a un profesion\u0101la pieeja katram p\u0101rim.\" \/>\n<meta property=\"og:url\" content=\"https:\/\/luar.lv\/en\/pieteikties\/\" \/>\n<meta property=\"og:site_name\" content=\"LUAR\" \/>\n<meta property=\"article:publisher\" content=\"https:\/\/www.facebook.com\/luarlv\/\" \/>\n<meta property=\"article:modified_time\" content=\"2025-05-20T08:00:14+00:00\" \/>\n<meta property=\"og:image\" content=\"https:\/\/luar.lv\/wp-content\/uploads\/2025\/05\/luar-seo.jpg\" \/>\n\t<meta property=\"og:image:width\" content=\"1600\" \/>\n\t<meta property=\"og:image:height\" content=\"1067\" \/>\n\t<meta property=\"og:image:type\" content=\"image\/jpeg\" \/>\n<meta name=\"twitter:card\" content=\"summary_large_image\" \/>\n<meta name=\"twitter:label1\" content=\"Estimated reading time\" \/>\n\t<meta name=\"twitter:data1\" content=\"1 minute\" \/>\n<script type=\"application\/ld+json\" class=\"yoast-schema-graph\">{\"@context\":\"https:\\\/\\\/schema.org\",\"@graph\":[{\"@type\":\"WebPage\",\"@id\":\"https:\\\/\\\/luar.lv\\\/pieteikties\\\/\",\"url\":\"https:\\\/\\\/luar.lv\\\/pieteikties\\\/\",\"name\":\"LUAR - Pieteikties\",\"isPartOf\":{\"@id\":\"https:\\\/\\\/luar.lv\\\/#website\"},\"primaryImageOfPage\":{\"@id\":\"https:\\\/\\\/luar.lv\\\/pieteikties\\\/#primaryimage\"},\"image\":{\"@id\":\"https:\\\/\\\/luar.lv\\\/pieteikties\\\/#primaryimage\"},\"thumbnailUrl\":\"https:\\\/\\\/luar.lv\\\/wp-content\\\/uploads\\\/2025\\\/05\\\/luar-seo.jpg\",\"datePublished\":\"2018-05-24T12:21:47+00:00\",\"dateModified\":\"2025-05-20T08:00:14+00:00\",\"description\":\"Piesaki savu k\u0101zu fotosesiju \u0101tri un \u0113rti! Aizpildi formu un sa\u0146em atbildi no fotogr\u0101fa Luar \u2013 rado\u0161a un profesion\u0101la pieeja katram p\u0101rim.\",\"breadcrumb\":{\"@id\":\"https:\\\/\\\/luar.lv\\\/pieteikties\\\/#breadcrumb\"},\"inLanguage\":\"en-GB\",\"potentialAction\":[{\"@type\":\"ReadAction\",\"target\":[\"https:\\\/\\\/luar.lv\\\/pieteikties\\\/\"]}]},{\"@type\":\"ImageObject\",\"inLanguage\":\"en-GB\",\"@id\":\"https:\\\/\\\/luar.lv\\\/pieteikties\\\/#primaryimage\",\"url\":\"https:\\\/\\\/luar.lv\\\/wp-content\\\/uploads\\\/2025\\\/05\\\/luar-seo.jpg\",\"contentUrl\":\"https:\\\/\\\/luar.lv\\\/wp-content\\\/uploads\\\/2025\\\/05\\\/luar-seo.jpg\",\"width\":1600,\"height\":1067,\"caption\":\"luar-seo\"},{\"@type\":\"BreadcrumbList\",\"@id\":\"https:\\\/\\\/luar.lv\\\/pieteikties\\\/#breadcrumb\",\"itemListElement\":[{\"@type\":\"ListItem\",\"position\":1,\"name\":\"\u0413\u043b\u0430\u0432\u043d\u0430\u044f \u0441\u0442\u0440\u0430\u043d\u0438\u0446\u0430\",\"item\":\"https:\\\/\\\/luar.lv\\\/\"},{\"@type\":\"ListItem\",\"position\":2,\"name\":\"Pieteikties\"}]},{\"@type\":\"WebSite\",\"@id\":\"https:\\\/\\\/luar.lv\\\/#website\",\"url\":\"https:\\\/\\\/luar.lv\\\/\",\"name\":\"Luar.lv\",\"description\":\"K\u0101zu fotogr\u0101fs\",\"publisher\":{\"@id\":\"https:\\\/\\\/luar.lv\\\/#\\\/schema\\\/person\\\/85d2ced4326f871f6b1df253196131c0\"},\"potentialAction\":[{\"@type\":\"SearchAction\",\"target\":{\"@type\":\"EntryPoint\",\"urlTemplate\":\"https:\\\/\\\/luar.lv\\\/?s={search_term_string}\"},\"query-input\":{\"@type\":\"PropertyValueSpecification\",\"valueRequired\":true,\"valueName\":\"search_term_string\"}}],\"inLanguage\":\"en-GB\"},{\"@type\":[\"Person\",\"Organization\"],\"@id\":\"https:\\\/\\\/luar.lv\\\/#\\\/schema\\\/person\\\/85d2ced4326f871f6b1df253196131c0\",\"name\":\"luar\",\"image\":{\"@type\":\"ImageObject\",\"inLanguage\":\"en-GB\",\"@id\":\"https:\\\/\\\/luar.lv\\\/wp-content\\\/uploads\\\/2025\\\/02\\\/luar-logo-ws.png\",\"url\":\"https:\\\/\\\/luar.lv\\\/wp-content\\\/uploads\\\/2025\\\/02\\\/luar-logo-ws.png\",\"contentUrl\":\"https:\\\/\\\/luar.lv\\\/wp-content\\\/uploads\\\/2025\\\/02\\\/luar-logo-ws.png\",\"width\":1428,\"height\":926,\"caption\":\"luar\"},\"logo\":{\"@id\":\"https:\\\/\\\/luar.lv\\\/wp-content\\\/uploads\\\/2025\\\/02\\\/luar-logo-ws.png\"},\"sameAs\":[\"http:\\\/\\\/luar.lv\",\"https:\\\/\\\/www.facebook.com\\\/luarlv\\\/\",\"https:\\\/\\\/www.instagram.com\\\/luarlv\\\/\"]}]}<\/script>\n<!-- \/ Yoast SEO plugin. -->","yoast_head_json":{"title":"LUAR - Pieteikties","description":"Piesaki savu k\u0101zu fotosesiju \u0101tri un \u0113rti! Aizpildi formu un sa\u0146em atbildi no fotogr\u0101fa Luar \u2013 rado\u0161a un profesion\u0101la pieeja katram p\u0101rim.","robots":{"index":"index","follow":"follow","max-snippet":"max-snippet:-1","max-image-preview":"max-image-preview:large","max-video-preview":"max-video-preview:-1"},"canonical":"https:\/\/luar.lv\/en\/pieteikties\/","og_locale":"en_GB","og_type":"article","og_title":"LUAR - Pieteikties","og_description":"Piesaki savu k\u0101zu fotosesiju \u0101tri un \u0113rti! Aizpildi formu un sa\u0146em atbildi no fotogr\u0101fa Luar \u2013 rado\u0161a un profesion\u0101la pieeja katram p\u0101rim.","og_url":"https:\/\/luar.lv\/en\/pieteikties\/","og_site_name":"LUAR","article_publisher":"https:\/\/www.facebook.com\/luarlv\/","article_modified_time":"2025-05-20T08:00:14+00:00","og_image":[{"width":1600,"height":1067,"url":"https:\/\/luar.lv\/wp-content\/uploads\/2025\/05\/luar-seo.jpg","type":"image\/jpeg"}],"twitter_card":"summary_large_image","twitter_misc":{"Estimated reading time":"1 minute"},"schema":{"@context":"https:\/\/schema.org","@graph":[{"@type":"WebPage","@id":"https:\/\/luar.lv\/pieteikties\/","url":"https:\/\/luar.lv\/pieteikties\/","name":"LUAR - Pieteikties","isPartOf":{"@id":"https:\/\/luar.lv\/#website"},"primaryImageOfPage":{"@id":"https:\/\/luar.lv\/pieteikties\/#primaryimage"},"image":{"@id":"https:\/\/luar.lv\/pieteikties\/#primaryimage"},"thumbnailUrl":"https:\/\/luar.lv\/wp-content\/uploads\/2025\/05\/luar-seo.jpg","datePublished":"2018-05-24T12:21:47+00:00","dateModified":"2025-05-20T08:00:14+00:00","description":"Piesaki savu k\u0101zu fotosesiju \u0101tri un \u0113rti! Aizpildi formu un sa\u0146em atbildi no fotogr\u0101fa Luar \u2013 rado\u0161a un profesion\u0101la pieeja katram p\u0101rim.","breadcrumb":{"@id":"https:\/\/luar.lv\/pieteikties\/#breadcrumb"},"inLanguage":"en-GB","potentialAction":[{"@type":"ReadAction","target":["https:\/\/luar.lv\/pieteikties\/"]}]},{"@type":"ImageObject","inLanguage":"en-GB","@id":"https:\/\/luar.lv\/pieteikties\/#primaryimage","url":"https:\/\/luar.lv\/wp-content\/uploads\/2025\/05\/luar-seo.jpg","contentUrl":"https:\/\/luar.lv\/wp-content\/uploads\/2025\/05\/luar-seo.jpg","width":1600,"height":1067,"caption":"luar-seo"},{"@type":"BreadcrumbList","@id":"https:\/\/luar.lv\/pieteikties\/#breadcrumb","itemListElement":[{"@type":"ListItem","position":1,"name":"\u0413\u043b\u0430\u0432\u043d\u0430\u044f \u0441\u0442\u0440\u0430\u043d\u0438\u0446\u0430","item":"https:\/\/luar.lv\/"},{"@type":"ListItem","position":2,"name":"Pieteikties"}]},{"@type":"WebSite","@id":"https:\/\/luar.lv\/#website","url":"https:\/\/luar.lv\/","name":"Luar.lv","description":"K\u0101zu fotogr\u0101fs","publisher":{"@id":"https:\/\/luar.lv\/#\/schema\/person\/85d2ced4326f871f6b1df253196131c0"},"potentialAction":[{"@type":"SearchAction","target":{"@type":"EntryPoint","urlTemplate":"https:\/\/luar.lv\/?s={search_term_string}"},"query-input":{"@type":"PropertyValueSpecification","valueRequired":true,"valueName":"search_term_string"}}],"inLanguage":"en-GB"},{"@type":["Person","Organization"],"@id":"https:\/\/luar.lv\/#\/schema\/person\/85d2ced4326f871f6b1df253196131c0","name":"luar","image":{"@type":"ImageObject","inLanguage":"en-GB","@id":"https:\/\/luar.lv\/wp-content\/uploads\/2025\/02\/luar-logo-ws.png","url":"https:\/\/luar.lv\/wp-content\/uploads\/2025\/02\/luar-logo-ws.png","contentUrl":"https:\/\/luar.lv\/wp-content\/uploads\/2025\/02\/luar-logo-ws.png","width":1428,"height":926,"caption":"luar"},"logo":{"@id":"https:\/\/luar.lv\/wp-content\/uploads\/2025\/02\/luar-logo-ws.png"},"sameAs":["http:\/\/luar.lv","https:\/\/www.facebook.com\/luarlv\/","https:\/\/www.instagram.com\/luarlv\/"]}]}},"featured_image_src":"https:\/\/luar.lv\/wp-content\/uploads\/2025\/05\/luar-seo-600x400.jpg","featured_image_src_square":"https:\/\/luar.lv\/wp-content\/uploads\/2025\/05\/luar-seo-600x600.jpg","_links":{"self":[{"href":"https:\/\/luar.lv\/en\/wp-json\/wp\/v2\/pages\/5010","targetHints":{"allow":["GET"]}}],"collection":[{"href":"https:\/\/luar.lv\/en\/wp-json\/wp\/v2\/pages"}],"about":[{"href":"https:\/\/luar.lv\/en\/wp-json\/wp\/v2\/types\/page"}],"author":[{"embeddable":true,"href":"https:\/\/luar.lv\/en\/wp-json\/wp\/v2\/users\/1"}],"replies":[{"embeddable":true,"href":"https:\/\/luar.lv\/en\/wp-json\/wp\/v2\/comments?post=5010"}],"version-history":[{"count":6,"href":"https:\/\/luar.lv\/en\/wp-json\/wp\/v2\/pages\/5010\/revisions"}],"predecessor-version":[{"id":7399,"href":"https:\/\/luar.lv\/en\/wp-json\/wp\/v2\/pages\/5010\/revisions\/7399"}],"wp:featuredmedia":[{"embeddable":true,"href":"https:\/\/luar.lv\/en\/wp-json\/wp\/v2\/media\/8165"}],"wp:attachment":[{"href":"https:\/\/luar.lv\/en\/wp-json\/wp\/v2\/media?parent=5010"}],"curies":[{"name":"wp","href":"https:\/\/api.w.org\/{rel}","templated":true}]}}