{"id":8499,"date":"2025-11-11T13:22:17","date_gmt":"2025-11-11T10:22:17","guid":{"rendered":"https:\/\/luar.lv\/?page_id=8499"},"modified":"2025-11-13T12:20:39","modified_gmt":"2025-11-13T09:20:39","slug":"par-studiju","status":"publish","type":"page","link":"https:\/\/luar.lv\/en\/fotostudija\/par-studiju\/","title":{"rendered":"About the photo studio"},"content":{"rendered":"<div class=\"wpb-content-wrapper\"><div data-vc-full-width=\"true\" data-vc-full-width-init=\"false\" data-vc-stretch-content=\"true\" class=\"vc_row wpb_row vc_row-fluid vc_row-no-padding\"><div class=\"wpb_column vc_column_container vc_col-sm-12\"><div class=\"vc_column-inner\"><div class=\"wpb_wrapper\">[wiso_contacts style=&#8221;parallax_content&#8221; image=&#8221;8520&#8243;]<\/p>\n<h3>About the studio<\/h3>\n<p><span data-contrast=\"auto\">LUAR is a cozy, light-filled photo studio spanning 85 m\u00b2 \u2013 a place where calm, aesthetics, and creativity come together.<\/span><span data-ccp-props=\"{&quot;201341983&quot;:0,&quot;335559740&quot;:240}\">\u00a0<\/span><\/p>\n<p><span data-contrast=\"auto\">Large windows and a white 5-meter cyclorama fill the space with natural light, creating ideal conditions for photoshoots, masterclasses, lectures, art evenings, and other events.<\/span><span data-ccp-props=\"{&quot;201341983&quot;:0,&quot;335559740&quot;:240}\">\u00a0<\/span><\/p>\n<p><span data-contrast=\"auto\">The studio is designed with comfort and freedom in mind \u2013 it offers a makeup and changing area, wardrobe, air conditioning, a small kitchen with coffee and tea, free Wi-Fi, and parking.<\/span><span data-ccp-props=\"{&quot;201341983&quot;:0,&quot;335559740&quot;:240}\">\u00a0<\/span><\/p>\n<p><span data-contrast=\"auto\">For masterclasses or events, additional equipment is available, including a projector, microphone, wireless headset microphone for seminars, tables, chairs, and speakers.<\/span><span data-ccp-props=\"{&quot;201341983&quot;:0,&quot;335559740&quot;:240}\">\u00a0<\/span><\/p>\n<blockquote><p><span class=\"TextRun SCXW10435825 BCX0\" lang=\"LV-LV\" xml:lang=\"LV-LV\" data-contrast=\"auto\"><span class=\"NormalTextRun SCXW10435825 BCX0\">LUAR &#8211;<\/span><span class=\"NormalTextRun SCXW10435825 BCX0\">\u00a0a place where light helps create stories.<\/span><\/span><span class=\"EOP SCXW10435825 BCX0\" data-ccp-props=\"{&quot;201341983&quot;:0,&quot;335559740&quot;:240}\">\u00a0<\/span><\/p><\/blockquote>\n<p><span data-contrast=\"auto\">Technical information:<\/span><span data-ccp-props=\"{&quot;201341983&quot;:0,&quot;335559740&quot;:240}\">\u00a0<\/span><\/p>\n<ul class=\"par-studiju-ul\">\n<li><span data-contrast=\"auto\"><strong>Area:<\/strong> 85m\u00b2<\/span><\/li>\n<li><span data-contrast=\"auto\"><strong>Cyclorama:<\/strong> white, approximately 5 m wide<\/span><\/li>\n<li><span data-contrast=\"auto\"><strong>Ceiling height:<\/strong> ~3,2 m<\/span><\/li>\n<li><span data-contrast=\"auto\"><strong>Natural light:<\/strong> large south-facing windows<\/span><span data-ccp-props=\"{&quot;201341983&quot;:0,&quot;335559740&quot;:240}\">\u00a0<\/span><\/li>\n<li><span data-contrast=\"auto\"><strong>Electricity:<\/strong> 220V sockets throughout the studio<\/span><\/li>\n<li><span data-contrast=\"auto\"><strong>Equipment:<\/strong> lights, stands, softboxes, reflectors, backdrop system, projector, microphone, wireless headset microphone, chairs, table, and speakers<\/span><span data-ccp-props=\"{&quot;201341983&quot;:0,&quot;335559740&quot;:240}\">\u00a0<\/span><\/li>\n<li><span data-contrast=\"auto\"><strong>Amenities:<\/strong> separate makeup area, wardrobe, restroom, air conditioning, small kitchen, coffee\/tea, Wi-Fi, parking<\/span><\/li>\n<\/ul>\n<p>&nbsp;<\/p>\n<p><span data-ccp-props=\"{&quot;201341983&quot;:0,&quot;335559740&quot;:240}\"><span class=\"TextRun SCXW110165323 BCX0\" lang=\"LV-LV\" xml:lang=\"LV-LV\" data-contrast=\"auto\"><span class=\"NormalTextRun SCXW110165323 BCX0\">LUAR combines professional equipment with a cozy atmosphere \u2014 a place where light helps create the perfect mood.<\/span><\/span><span class=\"EOP SCXW110165323 BCX0\" data-ccp-props=\"{&quot;201341983&quot;:0,&quot;335559740&quot;:240}\">\u00a0<\/span>\u00a0<\/span><\/p>\n<div class=\"gridable gridable--row\">\n<div class=\"gridable--col col-6\"><\/div>\n<\/div>\n<p>[\/wiso_contacts]<\/div><\/div><\/div><\/div><div class=\"vc_row-full-width vc_clearfix\"><\/div>\n<\/div>","protected":false},"excerpt":{"rendered":"[wiso_contacts style=\"parallax_content\" image=\"8520\"] Par studiju LUAR ir m\u0101j\u012bga un gaismas pilna fotostudija 85 m\u00b2 plat\u012bb\u0101 -\u00a0vieta, kur satiekas miers, est\u0113tika un rado\u0161ums.\u00a0 Pla\u0161ie logi un balt\u0101 5 metru\u00a0ciklor\u0101ma\u00a0piepilda telpu ar dabisko gaismu, radot ide\u0101lus apst\u0101k\u013cus\u00a0fotosesij\u0101m, meistarklas\u0113m, lekcij\u0101m, m\u0101kslas vakariem un citiem pas\u0101kumiem.\u00a0 Studij\u0101 ir padom\u0101ts par visu, lai ikviens justos \u0113rti un br\u012bvi -\u00a0grima un ...","protected":false},"author":3,"featured_media":8165,"parent":8142,"menu_order":0,"comment_status":"closed","ping_status":"closed","template":"","meta":{"footnotes":""},"class_list":["post-8499","page","type-page","status-publish","has-post-thumbnail","hentry"],"yoast_head":"<!-- This site is optimized with the Yoast SEO plugin v27.5 - https:\/\/yoast.com\/product\/yoast-seo-wordpress\/ -->\n<title>Fotostudija Aizkraukl\u0113 - LUAR<\/title>\n<meta name=\"description\" content=\"LUAR ir m\u0101j\u012bga un gaismas pilna fotostudija 85 m\u00b2 plat\u012bb\u0101 \u2013 vieta, kur satiekas miers, est\u0113tika un rado\u0161ums, Aizkraukl\u0113.\" \/>\n<meta name=\"robots\" content=\"index, follow, max-snippet:-1, max-image-preview:large, max-video-preview:-1\" \/>\n<link rel=\"canonical\" href=\"https:\/\/luar.lv\/en\/fotostudija\/par-studiju\/\" \/>\n<meta property=\"og:locale\" content=\"en_GB\" \/>\n<meta property=\"og:type\" content=\"article\" \/>\n<meta property=\"og:title\" content=\"Fotostudija Aizkraukl\u0113 - LUAR\" \/>\n<meta property=\"og:description\" content=\"LUAR ir m\u0101j\u012bga un gaismas pilna fotostudija 85 m\u00b2 plat\u012bb\u0101 \u2013 vieta, kur satiekas miers, est\u0113tika un rado\u0161ums, Aizkraukl\u0113.\" \/>\n<meta property=\"og:url\" content=\"https:\/\/luar.lv\/en\/fotostudija\/par-studiju\/\" \/>\n<meta property=\"og:site_name\" content=\"LUAR\" \/>\n<meta property=\"article:publisher\" content=\"https:\/\/www.facebook.com\/luarlv\/\" \/>\n<meta property=\"article:modified_time\" content=\"2025-11-13T09:20:39+00:00\" \/>\n<meta property=\"og:image\" content=\"https:\/\/luar.lv\/wp-content\/uploads\/2025\/05\/luar-seo.jpg\" \/>\n\t<meta property=\"og:image:width\" content=\"1600\" \/>\n\t<meta property=\"og:image:height\" content=\"1067\" \/>\n\t<meta property=\"og:image:type\" content=\"image\/jpeg\" \/>\n<meta name=\"twitter:card\" content=\"summary_large_image\" \/>\n<meta name=\"twitter:label1\" content=\"Estimated reading time\" \/>\n\t<meta name=\"twitter:data1\" content=\"2 minutes\" \/>\n<script type=\"application\/ld+json\" class=\"yoast-schema-graph\">{\"@context\":\"https:\\\/\\\/schema.org\",\"@graph\":[{\"@type\":\"WebPage\",\"@id\":\"https:\\\/\\\/luar.lv\\\/fotostudija\\\/par-studiju\\\/\",\"url\":\"https:\\\/\\\/luar.lv\\\/fotostudija\\\/par-studiju\\\/\",\"name\":\"Fotostudija Aizkraukl\u0113 - LUAR\",\"isPartOf\":{\"@id\":\"https:\\\/\\\/luar.lv\\\/#website\"},\"primaryImageOfPage\":{\"@id\":\"https:\\\/\\\/luar.lv\\\/fotostudija\\\/par-studiju\\\/#primaryimage\"},\"image\":{\"@id\":\"https:\\\/\\\/luar.lv\\\/fotostudija\\\/par-studiju\\\/#primaryimage\"},\"thumbnailUrl\":\"https:\\\/\\\/luar.lv\\\/wp-content\\\/uploads\\\/2025\\\/05\\\/luar-seo.jpg\",\"datePublished\":\"2025-11-11T10:22:17+00:00\",\"dateModified\":\"2025-11-13T09:20:39+00:00\",\"description\":\"LUAR ir m\u0101j\u012bga un gaismas pilna fotostudija 85 m\u00b2 plat\u012bb\u0101 \u2013 vieta, kur satiekas miers, est\u0113tika un rado\u0161ums, Aizkraukl\u0113.\",\"breadcrumb\":{\"@id\":\"https:\\\/\\\/luar.lv\\\/fotostudija\\\/par-studiju\\\/#breadcrumb\"},\"inLanguage\":\"en-GB\",\"potentialAction\":[{\"@type\":\"ReadAction\",\"target\":[\"https:\\\/\\\/luar.lv\\\/fotostudija\\\/par-studiju\\\/\"]}]},{\"@type\":\"ImageObject\",\"inLanguage\":\"en-GB\",\"@id\":\"https:\\\/\\\/luar.lv\\\/fotostudija\\\/par-studiju\\\/#primaryimage\",\"url\":\"https:\\\/\\\/luar.lv\\\/wp-content\\\/uploads\\\/2025\\\/05\\\/luar-seo.jpg\",\"contentUrl\":\"https:\\\/\\\/luar.lv\\\/wp-content\\\/uploads\\\/2025\\\/05\\\/luar-seo.jpg\",\"width\":1600,\"height\":1067,\"caption\":\"luar-seo\"},{\"@type\":\"BreadcrumbList\",\"@id\":\"https:\\\/\\\/luar.lv\\\/fotostudija\\\/par-studiju\\\/#breadcrumb\",\"itemListElement\":[{\"@type\":\"ListItem\",\"position\":1,\"name\":\"\u0413\u043b\u0430\u0432\u043d\u0430\u044f \u0441\u0442\u0440\u0430\u043d\u0438\u0446\u0430\",\"item\":\"https:\\\/\\\/luar.lv\\\/\"},{\"@type\":\"ListItem\",\"position\":2,\"name\":\"Fotostudija\",\"item\":\"https:\\\/\\\/luar.lv\\\/fotostudija\\\/\"},{\"@type\":\"ListItem\",\"position\":3,\"name\":\"Par fotostudiju\"}]},{\"@type\":\"WebSite\",\"@id\":\"https:\\\/\\\/luar.lv\\\/#website\",\"url\":\"https:\\\/\\\/luar.lv\\\/\",\"name\":\"Luar.lv\",\"description\":\"K\u0101zu fotogr\u0101fs\",\"publisher\":{\"@id\":\"https:\\\/\\\/luar.lv\\\/#\\\/schema\\\/person\\\/85d2ced4326f871f6b1df253196131c0\"},\"potentialAction\":[{\"@type\":\"SearchAction\",\"target\":{\"@type\":\"EntryPoint\",\"urlTemplate\":\"https:\\\/\\\/luar.lv\\\/?s={search_term_string}\"},\"query-input\":{\"@type\":\"PropertyValueSpecification\",\"valueRequired\":true,\"valueName\":\"search_term_string\"}}],\"inLanguage\":\"en-GB\"},{\"@type\":[\"Person\",\"Organization\"],\"@id\":\"https:\\\/\\\/luar.lv\\\/#\\\/schema\\\/person\\\/85d2ced4326f871f6b1df253196131c0\",\"name\":\"luar\",\"image\":{\"@type\":\"ImageObject\",\"inLanguage\":\"en-GB\",\"@id\":\"https:\\\/\\\/luar.lv\\\/wp-content\\\/uploads\\\/2025\\\/02\\\/luar-logo-ws.png\",\"url\":\"https:\\\/\\\/luar.lv\\\/wp-content\\\/uploads\\\/2025\\\/02\\\/luar-logo-ws.png\",\"contentUrl\":\"https:\\\/\\\/luar.lv\\\/wp-content\\\/uploads\\\/2025\\\/02\\\/luar-logo-ws.png\",\"width\":1428,\"height\":926,\"caption\":\"luar\"},\"logo\":{\"@id\":\"https:\\\/\\\/luar.lv\\\/wp-content\\\/uploads\\\/2025\\\/02\\\/luar-logo-ws.png\"},\"sameAs\":[\"http:\\\/\\\/luar.lv\",\"https:\\\/\\\/www.facebook.com\\\/luarlv\\\/\",\"https:\\\/\\\/www.instagram.com\\\/luarlv\\\/\"]}]}<\/script>\n<!-- \/ Yoast SEO plugin. -->","yoast_head_json":{"title":"Fotostudija Aizkraukl\u0113 - LUAR","description":"LUAR ir m\u0101j\u012bga un gaismas pilna fotostudija 85 m\u00b2 plat\u012bb\u0101 \u2013 vieta, kur satiekas miers, est\u0113tika un rado\u0161ums, Aizkraukl\u0113.","robots":{"index":"index","follow":"follow","max-snippet":"max-snippet:-1","max-image-preview":"max-image-preview:large","max-video-preview":"max-video-preview:-1"},"canonical":"https:\/\/luar.lv\/en\/fotostudija\/par-studiju\/","og_locale":"en_GB","og_type":"article","og_title":"Fotostudija Aizkraukl\u0113 - LUAR","og_description":"LUAR ir m\u0101j\u012bga un gaismas pilna fotostudija 85 m\u00b2 plat\u012bb\u0101 \u2013 vieta, kur satiekas miers, est\u0113tika un rado\u0161ums, Aizkraukl\u0113.","og_url":"https:\/\/luar.lv\/en\/fotostudija\/par-studiju\/","og_site_name":"LUAR","article_publisher":"https:\/\/www.facebook.com\/luarlv\/","article_modified_time":"2025-11-13T09:20:39+00:00","og_image":[{"width":1600,"height":1067,"url":"https:\/\/luar.lv\/wp-content\/uploads\/2025\/05\/luar-seo.jpg","type":"image\/jpeg"}],"twitter_card":"summary_large_image","twitter_misc":{"Estimated reading time":"2 minutes"},"schema":{"@context":"https:\/\/schema.org","@graph":[{"@type":"WebPage","@id":"https:\/\/luar.lv\/fotostudija\/par-studiju\/","url":"https:\/\/luar.lv\/fotostudija\/par-studiju\/","name":"Fotostudija Aizkraukl\u0113 - LUAR","isPartOf":{"@id":"https:\/\/luar.lv\/#website"},"primaryImageOfPage":{"@id":"https:\/\/luar.lv\/fotostudija\/par-studiju\/#primaryimage"},"image":{"@id":"https:\/\/luar.lv\/fotostudija\/par-studiju\/#primaryimage"},"thumbnailUrl":"https:\/\/luar.lv\/wp-content\/uploads\/2025\/05\/luar-seo.jpg","datePublished":"2025-11-11T10:22:17+00:00","dateModified":"2025-11-13T09:20:39+00:00","description":"LUAR ir m\u0101j\u012bga un gaismas pilna fotostudija 85 m\u00b2 plat\u012bb\u0101 \u2013 vieta, kur satiekas miers, est\u0113tika un rado\u0161ums, Aizkraukl\u0113.","breadcrumb":{"@id":"https:\/\/luar.lv\/fotostudija\/par-studiju\/#breadcrumb"},"inLanguage":"en-GB","potentialAction":[{"@type":"ReadAction","target":["https:\/\/luar.lv\/fotostudija\/par-studiju\/"]}]},{"@type":"ImageObject","inLanguage":"en-GB","@id":"https:\/\/luar.lv\/fotostudija\/par-studiju\/#primaryimage","url":"https:\/\/luar.lv\/wp-content\/uploads\/2025\/05\/luar-seo.jpg","contentUrl":"https:\/\/luar.lv\/wp-content\/uploads\/2025\/05\/luar-seo.jpg","width":1600,"height":1067,"caption":"luar-seo"},{"@type":"BreadcrumbList","@id":"https:\/\/luar.lv\/fotostudija\/par-studiju\/#breadcrumb","itemListElement":[{"@type":"ListItem","position":1,"name":"\u0413\u043b\u0430\u0432\u043d\u0430\u044f \u0441\u0442\u0440\u0430\u043d\u0438\u0446\u0430","item":"https:\/\/luar.lv\/"},{"@type":"ListItem","position":2,"name":"Fotostudija","item":"https:\/\/luar.lv\/fotostudija\/"},{"@type":"ListItem","position":3,"name":"Par fotostudiju"}]},{"@type":"WebSite","@id":"https:\/\/luar.lv\/#website","url":"https:\/\/luar.lv\/","name":"Luar.lv","description":"K\u0101zu fotogr\u0101fs","publisher":{"@id":"https:\/\/luar.lv\/#\/schema\/person\/85d2ced4326f871f6b1df253196131c0"},"potentialAction":[{"@type":"SearchAction","target":{"@type":"EntryPoint","urlTemplate":"https:\/\/luar.lv\/?s={search_term_string}"},"query-input":{"@type":"PropertyValueSpecification","valueRequired":true,"valueName":"search_term_string"}}],"inLanguage":"en-GB"},{"@type":["Person","Organization"],"@id":"https:\/\/luar.lv\/#\/schema\/person\/85d2ced4326f871f6b1df253196131c0","name":"luar","image":{"@type":"ImageObject","inLanguage":"en-GB","@id":"https:\/\/luar.lv\/wp-content\/uploads\/2025\/02\/luar-logo-ws.png","url":"https:\/\/luar.lv\/wp-content\/uploads\/2025\/02\/luar-logo-ws.png","contentUrl":"https:\/\/luar.lv\/wp-content\/uploads\/2025\/02\/luar-logo-ws.png","width":1428,"height":926,"caption":"luar"},"logo":{"@id":"https:\/\/luar.lv\/wp-content\/uploads\/2025\/02\/luar-logo-ws.png"},"sameAs":["http:\/\/luar.lv","https:\/\/www.facebook.com\/luarlv\/","https:\/\/www.instagram.com\/luarlv\/"]}]}},"featured_image_src":"https:\/\/luar.lv\/wp-content\/uploads\/2025\/05\/luar-seo-600x400.jpg","featured_image_src_square":"https:\/\/luar.lv\/wp-content\/uploads\/2025\/05\/luar-seo-600x600.jpg","_links":{"self":[{"href":"https:\/\/luar.lv\/en\/wp-json\/wp\/v2\/pages\/8499","targetHints":{"allow":["GET"]}}],"collection":[{"href":"https:\/\/luar.lv\/en\/wp-json\/wp\/v2\/pages"}],"about":[{"href":"https:\/\/luar.lv\/en\/wp-json\/wp\/v2\/types\/page"}],"author":[{"embeddable":true,"href":"https:\/\/luar.lv\/en\/wp-json\/wp\/v2\/users\/3"}],"replies":[{"embeddable":true,"href":"https:\/\/luar.lv\/en\/wp-json\/wp\/v2\/comments?post=8499"}],"version-history":[{"count":25,"href":"https:\/\/luar.lv\/en\/wp-json\/wp\/v2\/pages\/8499\/revisions"}],"predecessor-version":[{"id":8599,"href":"https:\/\/luar.lv\/en\/wp-json\/wp\/v2\/pages\/8499\/revisions\/8599"}],"up":[{"embeddable":true,"href":"https:\/\/luar.lv\/en\/wp-json\/wp\/v2\/pages\/8142"}],"wp:featuredmedia":[{"embeddable":true,"href":"https:\/\/luar.lv\/en\/wp-json\/wp\/v2\/media\/8165"}],"wp:attachment":[{"href":"https:\/\/luar.lv\/en\/wp-json\/wp\/v2\/media?parent=8499"}],"curies":[{"name":"wp","href":"https:\/\/api.w.org\/{rel}","templated":true}]}}