{"id":8572,"date":"2025-11-11T17:28:55","date_gmt":"2025-11-11T14:28:55","guid":{"rendered":"https:\/\/luar.lv\/?page_id=8572"},"modified":"2025-11-13T15:03:48","modified_gmt":"2025-11-13T12:03:48","slug":"ziemassvetku-fotosesijas-2025","status":"publish","type":"page","link":"https:\/\/luar.lv\/en\/fotostudija\/ziemassvetku-fotosesijas-2025\/","title":{"rendered":"Christmas photo sessions 2025"},"content":{"rendered":"<div class=\"wpb-content-wrapper\"><div class=\"vc_row wpb_row vc_row-fluid vc_custom_1763031259644  margin-lg-105b margin-md-80b margin-sm-70b margin-xs-40b\"><div class=\"wpb_column vc_column_container vc_col-sm-12\"><div class=\"vc_column-inner\"><div class=\"wpb_wrapper\">[wiso_headings style=&#8221;text_center&#8221; title=&#8221;Ziemassv\u0113tku fotosesijas studij\u0101 LUAR&#8221; subtitle=&#8221;Ziemassv\u0113tki 2025&#8243;]<\/div><\/div><\/div><\/div><div data-vc-full-width=\"true\" data-vc-full-width-init=\"false\" data-vc-stretch-content=\"true\" class=\"vc_row wpb_row vc_row-fluid vc_row-no-padding  margin-lg-10t margin-lg-90b margin-sm-0t margin-sm-70b margin-xs-50b\"><div class=\"wpb_column vc_column_container vc_col-sm-12\"><div class=\"vc_column-inner\"><div class=\"wpb_wrapper\">[banner_slider type_slider=&#8221;andra&#8221; autoplay=&#8221;5&#8243; speed=&#8221;1500&#8243; el_class=&#8221;zsvetki&#8221;][banner_slider_items option_style=&#8221;vertical&#8221; image=&#8221;8633&#8243;][banner_slider_items option_style=&#8221;vertical&#8221; image=&#8221;8653&#8243;][banner_slider_items option_style=&#8221;vertical&#8221; image=&#8221;8645&#8243;][banner_slider_items option_style=&#8221;vertical&#8221; image=&#8221;8651&#8243;][banner_slider_items option_style=&#8221;vertical&#8221; image=&#8221;8649&#8243;][banner_slider_items option_style=&#8221;vertical&#8221; image=&#8221;8644&#8243;][banner_slider_items option_style=&#8221;vertical&#8221; image=&#8221;8649&#8243;][\/banner_slider]<\/div><\/div><\/div><\/div><div class=\"vc_row-full-width vc_clearfix\"><\/div><div class=\"vc_row wpb_row vc_row-fluid vc_custom_1763032289031\"><div class=\"complianz-text wpb_column vc_column_container vc_col-sm-12\"><div class=\"vc_column-inner\"><div class=\"wpb_wrapper\">\n\t<div class=\"wpb_text_column wpb_content_element vc_custom_1763031486945 text-align-4headings\" >\n\t\t<div class=\"wpb_wrapper\">\n\t\t\t<p style=\"text-align: center;\"><span data-contrast=\"auto\">Christmas Time \u2013 Full of Wonder and Warmth! This year, LUAR Studio has prepared two special festive photo setups:<\/span><span data-ccp-props=\"{&quot;201341983&quot;:0,&quot;335551550&quot;:2,&quot;335551620&quot;:2,&quot;335559740&quot;:240}\">\u00a0<\/span><\/p>\n<p style=\"text-align: center;\"><span data-contrast=\"auto\">Elegant Zone: with delicate details and holiday luxury, perfect for couples and stylish families.<\/span><span data-ccp-props=\"{&quot;201341983&quot;:0,&quot;335551550&quot;:2,&quot;335551620&quot;:2,&quot;335559740&quot;:240}\"><br \/>\n<\/span><span data-contrast=\"auto\">Cozy and Warm Zone: with lights, blankets, and a festive atmosphere, evoking the feeling of home.<\/span><span data-ccp-props=\"{&quot;201341983&quot;:0,&quot;335551550&quot;:2,&quot;335551620&quot;:2,&quot;335559740&quot;:240}\">\u00a0<\/span><\/p>\n<p style=\"text-align: center;\"><em>Additionally, the classic white cyclorama is available, ideal for clean, modern, and elegant photoshoot styles.\u00a0<\/em><\/p>\n<p style=\"text-align: center;\"><strong>\u00a0Check the price list and choose the photoshoot format that suits you best \u2013 we\u2019ll make sure this Christmas is remembered with warm and beautiful photographs.<\/strong><span data-ccp-props=\"{&quot;201341983&quot;:0,&quot;335551550&quot;:2,&quot;335551620&quot;:2,&quot;335559740&quot;:240}\">\u00a0<\/span><\/p>\n\n\t\t<\/div>\n\t<\/div>\n<\/div><\/div><\/div><\/div><div class=\"vc_row wpb_row vc_row-fluid  padding-lg-120b padding-md-90b padding-xs-45b\"><div class=\"wpb_column vc_column_container vc_col-sm-12\"><div class=\"vc_column-inner\"><div class=\"wpb_wrapper\">[wiso_services style=&#8221;accordion&#8221; items_accordion=&#8221;%5B%7B%22number%22%3A%2201.%22%2C%22title%22%3A%22Ziemassv%C4%93tku%20fotosesijas%20norise%22%2C%22text%22%3A%22Ziemassv%C4%93tku%20fotosesija%20ir%20lielisks%20veids%2C%20k%C4%81%20iemu%C5%BEin%C4%81t%20%C5%A1%C4%ABs%20br%C4%ABni%C5%A1%C4%B7%C4%ABgas%20sv%C4%93tku%20gaidas.%20Uzd%C4%81viniet%20sev%20un%20saviem%20m%C4%AB%C4%BCajiem%20skaistas%20sv%C4%93tku%20saj%C5%ABtas%20un%20iemu%C5%BEiniet%20%C5%A1o%20br%C4%ABnumu%20laiku%20sirsn%C4%ABg%C4%81%20%C4%A3imenes%2C%20b%C4%93rnu%2C%20draugu%2C%20romantiskaj%C4%81%20vai%20individu%C4%81laj%C4%81%20Ziemassv%C4%93tku%20fotosesij%C4%81s.%22%7D%2C%7B%22number%22%3A%2202.%20%22%2C%22title%22%3A%22K%C4%81%20sagatavoteis%20Ziemassv%C4%93tku%20fotosesijai%22%2C%22text%22%3A%22R%C5%ABp%C4%93jieties%2C%20lai%20visiem%20fotosesijas%20dal%C4%ABbniekiem%20b%C5%ABtu%20saska%C5%86ots%20ap%C4%A3%C4%93rbs%2C%20stils%20un%20kr%C4%81su%20gamma.%20L%C4%ABdzi%20var%20pa%C5%86emt%20Ziemassv%C4%93tku%20noska%C5%86ai%20atbilsto%C5%A1us%20rekviz%C4%ABtus%20%E2%80%93%20%C5%A1ahu%2C%20pasaku%20gr%C4%81matu%2C%20termosu%20ar%20karstu%20dz%C4%93rienu%20un%20kr%C5%ABzes.%5CnJa%20fotosesij%C4%81%20piedal%C4%81s%20b%C4%93rni%2C%20%C5%86emiet%20l%C4%ABdzi%20%C4%93dienu%2C%20rota%C4%BClietas%20un%20citas%20lietas%20p%C4%81rtraukumiem.%20Ja%20l%C4%ABdzi%20ir%20m%C4%81jdz%C4%ABvnieki%20%E2%80%93%20k%C4%81du%20gardumu%2C%20lai%20piesaist%C4%ABtu%20vi%C5%86u%20uzman%C4%ABbu.%5CnGalvenais%2C%20ko%20%C5%86emt%20l%C4%ABdzi%2C%20ir%20labs%20garast%C4%81voklis%20un%20sirsn%C4%ABgs%20smaids%20%E2%80%93%20viss%20p%C4%81r%C4%93jais%20ir%20tikai%20papildin%C4%81jums!%5CnT%C4%81%20k%C4%81%20fotosesija%20notiek%20studij%C4%81%2C%20neaizmirstiet%20t%C4%ABrus%20mai%C5%86as%20apavus%20vai%20ze%C4%B7es%20(piem%C4%93ram%2C%20ad%C4%ABtas%20vai%20Ziemassv%C4%93tku%20tematik%C4%81).%22%7D%2C%7B%22number%22%3A%2203.%20%22%2C%22title%22%3A%22Ap%C4%A3%C4%93rbu%20kr%C4%81su%20kombin%C4%81cijas%22%2C%22text%22%3A%22Fotozona%3A%20Balt%C4%81%20elegance%20ar%20za%C4%BCaj%C4%81m%20egl%C4%93m%5CnGai%C5%A1a%2C%20mier%C4%ABga%20un%20izsmalcin%C4%81ta%20zona%20ar%20za%C4%BC%C4%81m%20egl%C4%93m%2C%20balt%C4%81m%20lent%C4%93m%2C%20svec%C4%93m%20un%20p%C4%93r%C4%BCu%20rot%C4%81jumiem%20%E2%80%93%20k%C4%81%20ziemas%20pasak%C4%81.%5CnAp%C4%A3%C4%93rbu%20ieteikumi%3A%20gai%C5%A1i%2C%20neitr%C4%81li%20to%C5%86i%20%E2%80%93%20balts%2C%20kr%C4%93mkr%C4%81sa%2C%20b%C4%93%C5%A1s%2C%20gai%C5%A1i%20pel%C4%93ks%2C%20zelts%2C%20ol%C4%ABvza%C4%BC%C5%A1.%20Labi%20izskat%C4%81s%20m%C4%ABksti%20audumi%20%E2%80%93%20vilna%2C%20trikot%C4%81%C5%BEa%2C%20samts%2C%20me%C5%BE%C4%A3%C4%ABnes.%20%C4%A2imen%C4%93m%20un%20p%C4%81riem%20%E2%80%93%20saska%C5%86otas%20nokr%C4%81sas%2C%20bez%20spilgtiem%20kontrastiem.%5Cn%5CnFotozona%3A%20Sarkan%C4%81%20un%20za%C4%BC%C4%81%20sv%C4%93tku%20klasika%5CnSiltuma%20un%20sv%C4%93tku%20greznuma%20pilna%20vide%20%E2%80%93%20sarkans%20samts%2C%20za%C4%BCas%20priedes%20un%20zelta%20akcenti.%20Rada%20%C4%ABstu%20Ziemassv%C4%93tku%20filmu%20noska%C5%86u.%5CnAp%C4%A3%C4%93rbu%20ieteikumi%3A%20sarkani%2C%20tum%C5%A1i%20za%C4%BCi%2C%20zelta%2C%20b%C4%93%C5%A1i%20vai%20br%C5%ABni%20to%C5%86i.%20Sieviet%C4%93m%20%E2%80%93%20samts%2C%20z%C4%ABds%20vai%20ad%C4%ABjumi%3B%20v%C4%ABrie%C5%A1iem%20%E2%80%93%20d%C5%BEemperi%2C%20%C5%BEaketes%20vai%20krekli%20siltos%20to%C5%86os.%20Svin%C4%ABgumam%20pievieno%20nedaudz%20sp%C4%ABduma%20vai%20rotas.%22%7D%5D&#8221; image=&#8221;8633&#8243;]<\/div><\/div><\/div><\/div><div data-vc-full-width=\"true\" data-vc-full-width-init=\"false\" class=\"vc_row wpb_row vc_row-fluid zsvetki-pricing-container vc_custom_1763034354306 vc_row-has-fill vc_row-o-equal-height vc_row-o-content-bottom vc_row-flex  padding-lg-65t padding-lg-100b padding-sm-25t padding-sm-60b\"><div class=\"wpb_column vc_column_container vc_col-sm-6 vc_col-lg-4 vc_col-md-6  margin-lg-30t margin-lg-30b margin-md-15b margin-sm-30t margin-xs-15t margin-xs-0b\"><div class=\"vc_column-inner\"><div class=\"wpb_wrapper\">[vc_pricing subtitle=&#8221;Cena: 80\u20ac&#8221; title=&#8221;30 Min\u016b\u0161u fotosesija&#8221; el_class=&#8221;zsvetki-pricing&#8221; button=&#8221;url:https%3A%2F%2Fwa.me%2F37120312639|title:PIETEIKTIES&#8221;]<\/p>\n<ul>\n<li style=\"font-weight: 400;\" aria-setsize=\"-1\" data-leveltext=\"\uf0b7\" data-font=\"Symbol\" data-listid=\"15\" data-list-defn-props=\"{&quot;335552541&quot;:1,&quot;335559683&quot;:0,&quot;335559684&quot;:-2,&quot;335559685&quot;:720,&quot;335559991&quot;:360,&quot;469769226&quot;:&quot;Symbol&quot;,&quot;469769242&quot;:&#091;8226&#093;,&quot;469777803&quot;:&quot;left&quot;,&quot;469777804&quot;:&quot;\uf0b7&quot;,&quot;469777815&quot;:&quot;hybridMultilevel&quot;}\" data-aria-posinset=\"1\" data-aria-level=\"1\"><span data-contrast=\"auto\">1 festive zone of your choice<\/span><span data-ccp-props=\"{&quot;201341983&quot;:0,&quot;335559740&quot;:240}\">\u00a0<\/span><\/li>\n<li style=\"font-weight: 400;\" aria-setsize=\"-1\" data-leveltext=\"\uf0b7\" data-font=\"Symbol\" data-listid=\"15\" data-list-defn-props=\"{&quot;335552541&quot;:1,&quot;335559683&quot;:0,&quot;335559684&quot;:-2,&quot;335559685&quot;:720,&quot;335559991&quot;:360,&quot;469769226&quot;:&quot;Symbol&quot;,&quot;469769242&quot;:&#091;8226&#093;,&quot;469777803&quot;:&quot;left&quot;,&quot;469777804&quot;:&quot;\uf0b7&quot;,&quot;469777815&quot;:&quot;hybridMultilevel&quot;}\" data-aria-posinset=\"2\" data-aria-level=\"1\"><span data-contrast=\"auto\">Studio rental and decorator setup<\/span><span data-ccp-props=\"{&quot;201341983&quot;:0,&quot;335559740&quot;:240}\">\u00a0<\/span><\/li>\n<li style=\"font-weight: 400;\" aria-setsize=\"-1\" data-leveltext=\"\uf0b7\" data-font=\"Symbol\" data-listid=\"15\" data-list-defn-props=\"{&quot;335552541&quot;:1,&quot;335559683&quot;:0,&quot;335559684&quot;:-2,&quot;335559685&quot;:720,&quot;335559991&quot;:360,&quot;469769226&quot;:&quot;Symbol&quot;,&quot;469769242&quot;:&#091;8226&#093;,&quot;469777803&quot;:&quot;left&quot;,&quot;469777804&quot;:&quot;\uf0b7&quot;,&quot;469777815&quot;:&quot;hybridMultilevel&quot;}\" data-aria-posinset=\"3\" data-aria-level=\"1\"><span data-contrast=\"auto\">~30\u201350 edited photos<\/span><span data-ccp-props=\"{&quot;201341983&quot;:0,&quot;335559740&quot;:240}\">\u00a0<\/span><\/li>\n<li style=\"font-weight: 400;\" aria-setsize=\"-1\" data-leveltext=\"\uf0b7\" data-font=\"Symbol\" data-listid=\"15\" data-list-defn-props=\"{&quot;335552541&quot;:1,&quot;335559683&quot;:0,&quot;335559684&quot;:-2,&quot;335559685&quot;:720,&quot;335559991&quot;:360,&quot;469769226&quot;:&quot;Symbol&quot;,&quot;469769242&quot;:&#091;8226&#093;,&quot;469777803&quot;:&quot;left&quot;,&quot;469777804&quot;:&quot;\uf0b7&quot;,&quot;469777815&quot;:&quot;hybridMultilevel&quot;}\" data-aria-posinset=\"4\" data-aria-level=\"1\"><span data-contrast=\"auto\">Digital booklet with preparation tips<\/span><span data-ccp-props=\"{&quot;201341983&quot;:0,&quot;335559740&quot;:240}\">\u00a0<\/span><\/li>\n<li style=\"font-weight: 400;\" aria-setsize=\"-1\" data-leveltext=\"\uf0b7\" data-font=\"Symbol\" data-listid=\"15\" data-list-defn-props=\"{&quot;335552541&quot;:1,&quot;335559683&quot;:0,&quot;335559684&quot;:-2,&quot;335559685&quot;:720,&quot;335559991&quot;:360,&quot;469769226&quot;:&quot;Symbol&quot;,&quot;469769242&quot;:&#091;8226&#093;,&quot;469777803&quot;:&quot;left&quot;,&quot;469777804&quot;:&quot;\uf0b7&quot;,&quot;469777815&quot;:&quot;hybridMultilevel&quot;}\" data-aria-posinset=\"5\" data-aria-level=\"1\"><span data-contrast=\"auto\">Photos in JPG format delivered via Files.lv link within 3 weeks<\/span><\/li>\n<\/ul>\n<p>[\/vc_pricing]<\/div><\/div><\/div><div class=\"wpb_column vc_column_container vc_col-sm-6 vc_col-lg-4 vc_col-md-6  margin-lg-30t margin-lg-30b margin-md-15t margin-md-15b margin-sm-30t margin-xs-10t margin-xs-10b\"><div class=\"vc_column-inner\"><div class=\"wpb_wrapper\">[vc_pricing subtitle=&#8221;Cena: 130\u20ac&#8221; title=&#8221;1 Stundas fotosesija&#8221; el_class=&#8221;zsvetki-pricing&#8221; button=&#8221;url:https%3A%2F%2Fwa.me%2F37120312639|title:PIETEIKTIES&#8221;]<\/p>\n<ul>\n<li><span data-contrast=\"auto\">Individual, family, or couple photoshoot<\/span><\/li>\n<li>Studio rental and decorator setup<\/li>\n<li>Access to 2 festive zones + the classic zone<\/li>\n<li>Assistance with poses and lighting mood<\/li>\n<li>~70\u2013100 edited photos<\/li>\n<li>Digital booklet with preparation tips<\/li>\n<li>All photos delivered in JPG format via Files.lv link within 3 weeks<span data-ccp-props=\"{&quot;201341983&quot;:0,&quot;335559740&quot;:240}\">\u00a0<\/span><\/li>\n<\/ul>\n<p>[\/vc_pricing]<\/div><\/div><\/div><div class=\"wpb_column vc_column_container vc_col-sm-6 vc_col-lg-offset-0 vc_col-lg-4 vc_col-md-offset-3 vc_col-md-6 vc_col-sm-offset-3  margin-lg-30t margin-lg-30b margin-md-15t margin-md-30b margin-xs-0t margin-xs-15b\"><div class=\"vc_column-inner\"><div class=\"wpb_wrapper\">[vc_pricing subtitle=&#8221;Cena: 40\u20ac&#8221; title=&#8221;Fotodiena 20.12.2025 &#8211; \u201cMan tikai p\u0101ris bildes\u201d&#8221; el_class=&#8221;zsvetki-pricing&#8221; button=&#8221;url:https%3A%2F%2Fwa.me%2F37120312639|title:PIETEIKTIES&#8221;]<\/p>\n<ul>\n<li><span data-contrast=\"auto\">Short Photoshoot (15 min) \u2013 for those who just want a few beautiful holiday photos.<\/span><span data-ccp-props=\"{&quot;201341983&quot;:0,&quot;335559740&quot;:240}\">\u00a0<\/span><\/li>\n<li><span data-contrast=\"auto\">Up to 10 edited photos<\/span><\/li>\n<\/ul>\n<p>[\/vc_pricing]<\/div><\/div><\/div><\/div><div class=\"vc_row-full-width vc_clearfix\"><\/div>\n<\/div>","protected":false},"excerpt":{"rendered":"[wiso_headings style=\"text_center\" title=\"Ziemassv\u0113tku fotosesijas studij\u0101 LUAR\" subtitle=\"Ziemassv\u0113tki 2025\"][banner_slider type_slider=\"andra\" autoplay=\"5\" speed=\"1500\" el_class=\"zsvetki\"][banner_slider_items option_style=\"vertical\" image=\"8633\"][banner_slider_items option_style=\"vertical\" image=\"8653\"][banner_slider_items option_style=\"vertical\" image=\"8645\"][banner_slider_items option_style=\"vertical\" image=\"8651\"][banner_slider_items option_style=\"vertical\" image=\"8649\"][banner_slider_items option_style=\"vertical\" image=\"8644\"][banner_slider_items option_style=\"vertical\" image=\"8649\"][\/banner_slider] Ziemassv\u0113tku laiks -\u00a0br\u012bnumu un siltuma pilns! M\u016bsu studij\u0101 \u0161ogad sagatavotas divas \u012bpa\u0161as\u00a0fotodz\u012bves:\u00a0 Elegant\u0101 zona\u00a0 ar smalk\u0101m deta\u013c\u0101m un sv\u0113tku greznumu, ide\u0101li piem\u0113rota p\u0101riem un stil\u012bg\u0101m \u0123imen\u0113m. Silt\u0101 un m\u0101j\u012bg\u0101 ...","protected":false},"author":3,"featured_media":8165,"parent":8142,"menu_order":0,"comment_status":"closed","ping_status":"closed","template":"","meta":{"footnotes":""},"class_list":["post-8572","page","type-page","status-publish","has-post-thumbnail","hentry"],"yoast_head":"<!-- This site is optimized with the Yoast SEO plugin v27.5 - https:\/\/yoast.com\/product\/yoast-seo-wordpress\/ -->\n<title>LUAR - Ziemassv\u0113tku fotosesijas 2025<\/title>\n<meta name=\"description\" content=\"Ziemassv\u0113tku fotosesijas studij\u0101 LUAR. Ziemassv\u0113tku laiks - br\u012bnumu un siltuma pilns! M\u016bsu studij\u0101 \u0161ogad sagatavotas divas \u012bpa\u0161as fotodz\u012bves\" \/>\n<meta name=\"robots\" content=\"index, follow, max-snippet:-1, max-image-preview:large, max-video-preview:-1\" \/>\n<link rel=\"canonical\" href=\"https:\/\/luar.lv\/en\/fotostudija\/ziemassvetku-fotosesijas-2025\/\" \/>\n<meta property=\"og:locale\" content=\"en_GB\" \/>\n<meta property=\"og:type\" content=\"article\" \/>\n<meta property=\"og:title\" content=\"LUAR - Ziemassv\u0113tku fotosesijas 2025\" \/>\n<meta property=\"og:description\" content=\"Ziemassv\u0113tku fotosesijas studij\u0101 LUAR. Ziemassv\u0113tku laiks - br\u012bnumu un siltuma pilns! M\u016bsu studij\u0101 \u0161ogad sagatavotas divas \u012bpa\u0161as fotodz\u012bves\" \/>\n<meta property=\"og:url\" content=\"https:\/\/luar.lv\/en\/fotostudija\/ziemassvetku-fotosesijas-2025\/\" \/>\n<meta property=\"og:site_name\" content=\"LUAR\" \/>\n<meta property=\"article:publisher\" content=\"https:\/\/www.facebook.com\/luarlv\/\" \/>\n<meta property=\"article:modified_time\" content=\"2025-11-13T12:03:48+00:00\" \/>\n<meta property=\"og:image\" content=\"https:\/\/luar.lv\/wp-content\/uploads\/2025\/05\/luar-seo.jpg\" \/>\n\t<meta property=\"og:image:width\" content=\"1600\" \/>\n\t<meta property=\"og:image:height\" content=\"1067\" \/>\n\t<meta property=\"og:image:type\" content=\"image\/jpeg\" \/>\n<meta name=\"twitter:card\" content=\"summary_large_image\" \/>\n<meta name=\"twitter:label1\" content=\"Estimated reading time\" \/>\n\t<meta name=\"twitter:data1\" content=\"2 minutes\" \/>\n<script type=\"application\/ld+json\" class=\"yoast-schema-graph\">{\"@context\":\"https:\\\/\\\/schema.org\",\"@graph\":[{\"@type\":\"WebPage\",\"@id\":\"https:\\\/\\\/luar.lv\\\/fotostudija\\\/ziemassvetku-fotosesijas-2025\\\/\",\"url\":\"https:\\\/\\\/luar.lv\\\/fotostudija\\\/ziemassvetku-fotosesijas-2025\\\/\",\"name\":\"LUAR - Ziemassv\u0113tku fotosesijas 2025\",\"isPartOf\":{\"@id\":\"https:\\\/\\\/luar.lv\\\/#website\"},\"primaryImageOfPage\":{\"@id\":\"https:\\\/\\\/luar.lv\\\/fotostudija\\\/ziemassvetku-fotosesijas-2025\\\/#primaryimage\"},\"image\":{\"@id\":\"https:\\\/\\\/luar.lv\\\/fotostudija\\\/ziemassvetku-fotosesijas-2025\\\/#primaryimage\"},\"thumbnailUrl\":\"https:\\\/\\\/luar.lv\\\/wp-content\\\/uploads\\\/2025\\\/05\\\/luar-seo.jpg\",\"datePublished\":\"2025-11-11T14:28:55+00:00\",\"dateModified\":\"2025-11-13T12:03:48+00:00\",\"description\":\"Ziemassv\u0113tku fotosesijas studij\u0101 LUAR. Ziemassv\u0113tku laiks - br\u012bnumu un siltuma pilns! M\u016bsu studij\u0101 \u0161ogad sagatavotas divas \u012bpa\u0161as fotodz\u012bves\",\"breadcrumb\":{\"@id\":\"https:\\\/\\\/luar.lv\\\/fotostudija\\\/ziemassvetku-fotosesijas-2025\\\/#breadcrumb\"},\"inLanguage\":\"en-GB\",\"potentialAction\":[{\"@type\":\"ReadAction\",\"target\":[\"https:\\\/\\\/luar.lv\\\/fotostudija\\\/ziemassvetku-fotosesijas-2025\\\/\"]}]},{\"@type\":\"ImageObject\",\"inLanguage\":\"en-GB\",\"@id\":\"https:\\\/\\\/luar.lv\\\/fotostudija\\\/ziemassvetku-fotosesijas-2025\\\/#primaryimage\",\"url\":\"https:\\\/\\\/luar.lv\\\/wp-content\\\/uploads\\\/2025\\\/05\\\/luar-seo.jpg\",\"contentUrl\":\"https:\\\/\\\/luar.lv\\\/wp-content\\\/uploads\\\/2025\\\/05\\\/luar-seo.jpg\",\"width\":1600,\"height\":1067,\"caption\":\"luar-seo\"},{\"@type\":\"BreadcrumbList\",\"@id\":\"https:\\\/\\\/luar.lv\\\/fotostudija\\\/ziemassvetku-fotosesijas-2025\\\/#breadcrumb\",\"itemListElement\":[{\"@type\":\"ListItem\",\"position\":1,\"name\":\"\u0413\u043b\u0430\u0432\u043d\u0430\u044f \u0441\u0442\u0440\u0430\u043d\u0438\u0446\u0430\",\"item\":\"https:\\\/\\\/luar.lv\\\/\"},{\"@type\":\"ListItem\",\"position\":2,\"name\":\"Fotostudija\",\"item\":\"https:\\\/\\\/luar.lv\\\/fotostudija\\\/\"},{\"@type\":\"ListItem\",\"position\":3,\"name\":\"Ziemassv\u0113tku fotosesijas 2025\"}]},{\"@type\":\"WebSite\",\"@id\":\"https:\\\/\\\/luar.lv\\\/#website\",\"url\":\"https:\\\/\\\/luar.lv\\\/\",\"name\":\"Luar.lv\",\"description\":\"K\u0101zu fotogr\u0101fs\",\"publisher\":{\"@id\":\"https:\\\/\\\/luar.lv\\\/#\\\/schema\\\/person\\\/85d2ced4326f871f6b1df253196131c0\"},\"potentialAction\":[{\"@type\":\"SearchAction\",\"target\":{\"@type\":\"EntryPoint\",\"urlTemplate\":\"https:\\\/\\\/luar.lv\\\/?s={search_term_string}\"},\"query-input\":{\"@type\":\"PropertyValueSpecification\",\"valueRequired\":true,\"valueName\":\"search_term_string\"}}],\"inLanguage\":\"en-GB\"},{\"@type\":[\"Person\",\"Organization\"],\"@id\":\"https:\\\/\\\/luar.lv\\\/#\\\/schema\\\/person\\\/85d2ced4326f871f6b1df253196131c0\",\"name\":\"luar\",\"image\":{\"@type\":\"ImageObject\",\"inLanguage\":\"en-GB\",\"@id\":\"https:\\\/\\\/luar.lv\\\/wp-content\\\/uploads\\\/2025\\\/02\\\/luar-logo-ws.png\",\"url\":\"https:\\\/\\\/luar.lv\\\/wp-content\\\/uploads\\\/2025\\\/02\\\/luar-logo-ws.png\",\"contentUrl\":\"https:\\\/\\\/luar.lv\\\/wp-content\\\/uploads\\\/2025\\\/02\\\/luar-logo-ws.png\",\"width\":1428,\"height\":926,\"caption\":\"luar\"},\"logo\":{\"@id\":\"https:\\\/\\\/luar.lv\\\/wp-content\\\/uploads\\\/2025\\\/02\\\/luar-logo-ws.png\"},\"sameAs\":[\"http:\\\/\\\/luar.lv\",\"https:\\\/\\\/www.facebook.com\\\/luarlv\\\/\",\"https:\\\/\\\/www.instagram.com\\\/luarlv\\\/\"]}]}<\/script>\n<!-- \/ Yoast SEO plugin. -->","yoast_head_json":{"title":"LUAR - Ziemassv\u0113tku fotosesijas 2025","description":"Ziemassv\u0113tku fotosesijas studij\u0101 LUAR. Ziemassv\u0113tku laiks - br\u012bnumu un siltuma pilns! M\u016bsu studij\u0101 \u0161ogad sagatavotas divas \u012bpa\u0161as fotodz\u012bves","robots":{"index":"index","follow":"follow","max-snippet":"max-snippet:-1","max-image-preview":"max-image-preview:large","max-video-preview":"max-video-preview:-1"},"canonical":"https:\/\/luar.lv\/en\/fotostudija\/ziemassvetku-fotosesijas-2025\/","og_locale":"en_GB","og_type":"article","og_title":"LUAR - Ziemassv\u0113tku fotosesijas 2025","og_description":"Ziemassv\u0113tku fotosesijas studij\u0101 LUAR. Ziemassv\u0113tku laiks - br\u012bnumu un siltuma pilns! M\u016bsu studij\u0101 \u0161ogad sagatavotas divas \u012bpa\u0161as fotodz\u012bves","og_url":"https:\/\/luar.lv\/en\/fotostudija\/ziemassvetku-fotosesijas-2025\/","og_site_name":"LUAR","article_publisher":"https:\/\/www.facebook.com\/luarlv\/","article_modified_time":"2025-11-13T12:03:48+00:00","og_image":[{"width":1600,"height":1067,"url":"https:\/\/luar.lv\/wp-content\/uploads\/2025\/05\/luar-seo.jpg","type":"image\/jpeg"}],"twitter_card":"summary_large_image","twitter_misc":{"Estimated reading time":"2 minutes"},"schema":{"@context":"https:\/\/schema.org","@graph":[{"@type":"WebPage","@id":"https:\/\/luar.lv\/fotostudija\/ziemassvetku-fotosesijas-2025\/","url":"https:\/\/luar.lv\/fotostudija\/ziemassvetku-fotosesijas-2025\/","name":"LUAR - Ziemassv\u0113tku fotosesijas 2025","isPartOf":{"@id":"https:\/\/luar.lv\/#website"},"primaryImageOfPage":{"@id":"https:\/\/luar.lv\/fotostudija\/ziemassvetku-fotosesijas-2025\/#primaryimage"},"image":{"@id":"https:\/\/luar.lv\/fotostudija\/ziemassvetku-fotosesijas-2025\/#primaryimage"},"thumbnailUrl":"https:\/\/luar.lv\/wp-content\/uploads\/2025\/05\/luar-seo.jpg","datePublished":"2025-11-11T14:28:55+00:00","dateModified":"2025-11-13T12:03:48+00:00","description":"Ziemassv\u0113tku fotosesijas studij\u0101 LUAR. Ziemassv\u0113tku laiks - br\u012bnumu un siltuma pilns! M\u016bsu studij\u0101 \u0161ogad sagatavotas divas \u012bpa\u0161as fotodz\u012bves","breadcrumb":{"@id":"https:\/\/luar.lv\/fotostudija\/ziemassvetku-fotosesijas-2025\/#breadcrumb"},"inLanguage":"en-GB","potentialAction":[{"@type":"ReadAction","target":["https:\/\/luar.lv\/fotostudija\/ziemassvetku-fotosesijas-2025\/"]}]},{"@type":"ImageObject","inLanguage":"en-GB","@id":"https:\/\/luar.lv\/fotostudija\/ziemassvetku-fotosesijas-2025\/#primaryimage","url":"https:\/\/luar.lv\/wp-content\/uploads\/2025\/05\/luar-seo.jpg","contentUrl":"https:\/\/luar.lv\/wp-content\/uploads\/2025\/05\/luar-seo.jpg","width":1600,"height":1067,"caption":"luar-seo"},{"@type":"BreadcrumbList","@id":"https:\/\/luar.lv\/fotostudija\/ziemassvetku-fotosesijas-2025\/#breadcrumb","itemListElement":[{"@type":"ListItem","position":1,"name":"\u0413\u043b\u0430\u0432\u043d\u0430\u044f \u0441\u0442\u0440\u0430\u043d\u0438\u0446\u0430","item":"https:\/\/luar.lv\/"},{"@type":"ListItem","position":2,"name":"Fotostudija","item":"https:\/\/luar.lv\/fotostudija\/"},{"@type":"ListItem","position":3,"name":"Ziemassv\u0113tku fotosesijas 2025"}]},{"@type":"WebSite","@id":"https:\/\/luar.lv\/#website","url":"https:\/\/luar.lv\/","name":"Luar.lv","description":"K\u0101zu fotogr\u0101fs","publisher":{"@id":"https:\/\/luar.lv\/#\/schema\/person\/85d2ced4326f871f6b1df253196131c0"},"potentialAction":[{"@type":"SearchAction","target":{"@type":"EntryPoint","urlTemplate":"https:\/\/luar.lv\/?s={search_term_string}"},"query-input":{"@type":"PropertyValueSpecification","valueRequired":true,"valueName":"search_term_string"}}],"inLanguage":"en-GB"},{"@type":["Person","Organization"],"@id":"https:\/\/luar.lv\/#\/schema\/person\/85d2ced4326f871f6b1df253196131c0","name":"luar","image":{"@type":"ImageObject","inLanguage":"en-GB","@id":"https:\/\/luar.lv\/wp-content\/uploads\/2025\/02\/luar-logo-ws.png","url":"https:\/\/luar.lv\/wp-content\/uploads\/2025\/02\/luar-logo-ws.png","contentUrl":"https:\/\/luar.lv\/wp-content\/uploads\/2025\/02\/luar-logo-ws.png","width":1428,"height":926,"caption":"luar"},"logo":{"@id":"https:\/\/luar.lv\/wp-content\/uploads\/2025\/02\/luar-logo-ws.png"},"sameAs":["http:\/\/luar.lv","https:\/\/www.facebook.com\/luarlv\/","https:\/\/www.instagram.com\/luarlv\/"]}]}},"featured_image_src":"https:\/\/luar.lv\/wp-content\/uploads\/2025\/05\/luar-seo-600x400.jpg","featured_image_src_square":"https:\/\/luar.lv\/wp-content\/uploads\/2025\/05\/luar-seo-600x600.jpg","_links":{"self":[{"href":"https:\/\/luar.lv\/en\/wp-json\/wp\/v2\/pages\/8572","targetHints":{"allow":["GET"]}}],"collection":[{"href":"https:\/\/luar.lv\/en\/wp-json\/wp\/v2\/pages"}],"about":[{"href":"https:\/\/luar.lv\/en\/wp-json\/wp\/v2\/types\/page"}],"author":[{"embeddable":true,"href":"https:\/\/luar.lv\/en\/wp-json\/wp\/v2\/users\/3"}],"replies":[{"embeddable":true,"href":"https:\/\/luar.lv\/en\/wp-json\/wp\/v2\/comments?post=8572"}],"version-history":[{"count":54,"href":"https:\/\/luar.lv\/en\/wp-json\/wp\/v2\/pages\/8572\/revisions"}],"predecessor-version":[{"id":8774,"href":"https:\/\/luar.lv\/en\/wp-json\/wp\/v2\/pages\/8572\/revisions\/8774"}],"up":[{"embeddable":true,"href":"https:\/\/luar.lv\/en\/wp-json\/wp\/v2\/pages\/8142"}],"wp:featuredmedia":[{"embeddable":true,"href":"https:\/\/luar.lv\/en\/wp-json\/wp\/v2\/media\/8165"}],"wp:attachment":[{"href":"https:\/\/luar.lv\/en\/wp-json\/wp\/v2\/media?parent=8572"}],"curies":[{"name":"wp","href":"https:\/\/api.w.org\/{rel}","templated":true}]}}